{"id":376,"date":"2025-06-02T13:13:23","date_gmt":"2025-06-02T11:13:23","guid":{"rendered":"https:\/\/zsp5gliwice.pl\/pm5_wp\/?page_id=376"},"modified":"2025-06-02T13:19:54","modified_gmt":"2025-06-02T11:19:54","slug":"rodo","status":"publish","type":"page","link":"https:\/\/zsp5gliwice.pl\/pm5_wp\/rodo\/","title":{"rendered":"Rodo"},"content":{"rendered":"<p>&nbsp;<\/p>\n<p><a href=\"https:\/\/zsp5gliwice.pl\/pm5_wp\/wp-content\/uploads\/2025\/06\/obowiazek_informacyjny_ogolny_2022.pdf\">Klauzula informacyjna \u2013 pdf<\/a><\/p>\n<p><a href=\"https:\/\/zsp5gliwice.pl\/pm5_wp\/wp-content\/uploads\/2025\/06\/Klauzula_inf_zdalne_nauczanie.pdf\">Klauzula informacyjna \u2013 nauczanie zdalne \u2013 pdf<\/a><\/p>\n<p><a href=\"https:\/\/zsp5gliwice.pl\/pm5_wp\/wp-content\/uploads\/2025\/06\/obowiazek_obowiazek_-_monitoring_III.3_2019.pdf\">Obowi\u0105zek informacyjny \u2013 monitoring \u2013 pdf<\/a><\/p>\n<p>Inspektorem Ochrony Danych w plac\u00f3wce jest: Pani Anna R\u0119bisz, z kt\u00f3rym mo\u017ce si\u0119 Pani\/Pan kontaktowa\u0107:<\/p>\n<ul>\n<li>pisz\u0105c na adres korespondencyjny: Zesp\u00f3\u0142 Szkolno-Przedszkolny nr 5, 44-100 Gliwice, ul. Kozielska 39<\/li>\n<li>pisz\u0105c na adres email: sekretariat@zsp5.gliwice.eu<\/li>\n<li>telefonicznie pod numerem: 32 237 99 50 lub 32 237 94 15<\/li>\n<\/ul>\n<p>&nbsp;<\/p>\n","protected":false},"excerpt":{"rendered":"<p>&nbsp; Klauzula informacyjna \u2013 pdf Klauzula informacyjna \u2013 nauczanie zdalne \u2013 pdf Obowi\u0105zek informacyjny \u2013 monitoring \u2013 pdf Inspektorem Ochrony Danych w plac\u00f3wce jest: Pani Anna R\u0119bisz, z kt\u00f3rym mo\u017ce si\u0119 Pani\/Pan kontaktowa\u0107: pisz\u0105c na adres korespondencyjny: Zesp\u00f3\u0142 Szkolno-Przedszkolny nr 5, 44-100 Gliwice, ul. Kozielska 39 pisz\u0105c na adres email: sekretariat@zsp5.gliwice.eu telefonicznie pod numerem: 32 [&hellip;]<\/p>\n","protected":false},"author":3,"featured_media":0,"parent":0,"menu_order":0,"comment_status":"closed","ping_status":"closed","template":"","meta":{"postBodyCss":"","postBodyMargin":[],"postBodyPadding":[],"postBodyBackground":{"backgroundType":"classic","gradient":""},"ngg_post_thumbnail":0,"footnotes":""},"class_list":["post-376","page","type-page","status-publish","hentry"],"_links":{"self":[{"href":"https:\/\/zsp5gliwice.pl\/pm5_wp\/wp-json\/wp\/v2\/pages\/376","targetHints":{"allow":["GET"]}}],"collection":[{"href":"https:\/\/zsp5gliwice.pl\/pm5_wp\/wp-json\/wp\/v2\/pages"}],"about":[{"href":"https:\/\/zsp5gliwice.pl\/pm5_wp\/wp-json\/wp\/v2\/types\/page"}],"author":[{"embeddable":true,"href":"https:\/\/zsp5gliwice.pl\/pm5_wp\/wp-json\/wp\/v2\/users\/3"}],"replies":[{"embeddable":true,"href":"https:\/\/zsp5gliwice.pl\/pm5_wp\/wp-json\/wp\/v2\/comments?post=376"}],"version-history":[{"count":4,"href":"https:\/\/zsp5gliwice.pl\/pm5_wp\/wp-json\/wp\/v2\/pages\/376\/revisions"}],"predecessor-version":[{"id":386,"href":"https:\/\/zsp5gliwice.pl\/pm5_wp\/wp-json\/wp\/v2\/pages\/376\/revisions\/386"}],"wp:attachment":[{"href":"https:\/\/zsp5gliwice.pl\/pm5_wp\/wp-json\/wp\/v2\/media?parent=376"}],"curies":[{"name":"wp","href":"https:\/\/api.w.org\/{rel}","templated":true}]}}