{"id":241,"date":"2025-05-30T11:17:53","date_gmt":"2025-05-30T09:17:53","guid":{"rendered":"https:\/\/zsp5gliwice.pl\/pm5_wp\/?page_id=241"},"modified":"2025-05-30T11:32:59","modified_gmt":"2025-05-30T09:32:59","slug":"galeria-przykladowych-posilkow","status":"publish","type":"page","link":"https:\/\/zsp5gliwice.pl\/pm5_wp\/galeria-przykladowych-posilkow\/","title":{"rendered":"GALERIA PRZYK\u0141ADOWYCH POSI\u0141K\u00d3W"},"content":{"rendered":"\t\t<div data-elementor-type=\"wp-page\" data-elementor-id=\"241\" class=\"elementor elementor-241\">\n\t\t\t\t<div class=\"elementor-element elementor-element-fb6ecfe e-flex e-con-boxed e-con e-parent\" data-id=\"fb6ecfe\" data-element_type=\"container\" data-e-type=\"container\">\n\t\t\t\t\t<div class=\"e-con-inner\">\n\t\t\t\t\t<\/div>\n\t\t\t\t<\/div>\n\t\t<div class=\"elementor-element elementor-element-516beb1 e-flex e-con-boxed e-con e-parent\" data-id=\"516beb1\" data-element_type=\"container\" data-e-type=\"container\">\n\t\t\t\t\t<div class=\"e-con-inner\">\n\t\t\t\t<div class=\"elementor-element elementor-element-c357db2 e-transform elementor-invisible elementor-widget elementor-widget-image-gallery\" data-id=\"c357db2\" data-element_type=\"widget\" data-e-type=\"widget\" data-settings=\"{&quot;_animation&quot;:&quot;fadeIn&quot;,&quot;_transform_rotateZ_effect&quot;:{&quot;unit&quot;:&quot;px&quot;,&quot;size&quot;:&quot;&quot;,&quot;sizes&quot;:[]},&quot;_transform_rotateZ_effect_tablet&quot;:{&quot;unit&quot;:&quot;deg&quot;,&quot;size&quot;:&quot;&quot;,&quot;sizes&quot;:[]},&quot;_transform_rotateZ_effect_mobile&quot;:{&quot;unit&quot;:&quot;deg&quot;,&quot;size&quot;:&quot;&quot;,&quot;sizes&quot;:[]}}\" data-widget_type=\"image-gallery.default\">\n\t\t\t\t<div class=\"elementor-widget-container\">\n\t\t\t\t\t\t\t<div class=\"elementor-image-gallery\">\n\t\t\t<div id='gallery-1' class='gallery galleryid-241 gallery-columns-4 gallery-size-thumbnail'><figure class='gallery-item'>\n\t\t\t<div class='gallery-icon landscape'>\n\t\t\t\t<a data-elementor-open-lightbox=\"yes\" data-elementor-lightbox-slideshow=\"c357db2\" data-elementor-lightbox-title=\"Danie 1\" data-e-action-hash=\"#elementor-action%3Aaction%3Dlightbox%26settings%3DeyJpZCI6MjU0LCJ1cmwiOiJodHRwczpcL1wvenNwNWdsaXdpY2UucGxcL3BtNV93cFwvd3AtY29udGVudFwvdXBsb2Fkc1wvMjAyNVwvMDVcL0ZvdG9yYW0uaW9fMy5qcGciLCJzbGlkZXNob3ciOiJjMzU3ZGIyIn0%3D\" href='https:\/\/zsp5gliwice.pl\/pm5_wp\/wp-content\/uploads\/2025\/05\/Fotoram.io_3.jpg'><img decoding=\"async\" width=\"150\" height=\"150\" src=\"https:\/\/zsp5gliwice.pl\/pm5_wp\/wp-content\/uploads\/2025\/05\/Fotoram.io_3-150x150.jpg\" class=\"attachment-thumbnail size-thumbnail\" alt=\"\" srcset=\"https:\/\/zsp5gliwice.pl\/pm5_wp\/wp-content\/uploads\/2025\/05\/Fotoram.io_3-150x150.jpg 150w, https:\/\/zsp5gliwice.pl\/pm5_wp\/wp-content\/uploads\/2025\/05\/Fotoram.io_3-300x300.jpg 300w, https:\/\/zsp5gliwice.pl\/pm5_wp\/wp-content\/uploads\/2025\/05\/Fotoram.io_3-1024x1024.jpg 1024w, https:\/\/zsp5gliwice.pl\/pm5_wp\/wp-content\/uploads\/2025\/05\/Fotoram.io_3-768x768.jpg 768w, https:\/\/zsp5gliwice.pl\/pm5_wp\/wp-content\/uploads\/2025\/05\/Fotoram.io_3.jpg 1200w\" sizes=\"(max-width: 150px) 100vw, 150px\" \/><\/a>\n\t\t\t<\/div><\/figure><figure class='gallery-item'>\n\t\t\t<div class='gallery-icon landscape'>\n\t\t\t\t<a data-elementor-open-lightbox=\"yes\" data-elementor-lightbox-slideshow=\"c357db2\" data-elementor-lightbox-title=\"Danie 2\" data-e-action-hash=\"#elementor-action%3Aaction%3Dlightbox%26settings%3DeyJpZCI6MjUzLCJ1cmwiOiJodHRwczpcL1wvenNwNWdsaXdpY2UucGxcL3BtNV93cFwvd3AtY29udGVudFwvdXBsb2Fkc1wvMjAyNVwvMDVcL0ZvdG9yYW0uaW9fMi5qcGciLCJzbGlkZXNob3ciOiJjMzU3ZGIyIn0%3D\" href='https:\/\/zsp5gliwice.pl\/pm5_wp\/wp-content\/uploads\/2025\/05\/Fotoram.io_2.jpg'><img decoding=\"async\" width=\"150\" height=\"150\" src=\"https:\/\/zsp5gliwice.pl\/pm5_wp\/wp-content\/uploads\/2025\/05\/Fotoram.io_2-150x150.jpg\" class=\"attachment-thumbnail size-thumbnail\" alt=\"\" srcset=\"https:\/\/zsp5gliwice.pl\/pm5_wp\/wp-content\/uploads\/2025\/05\/Fotoram.io_2-150x150.jpg 150w, https:\/\/zsp5gliwice.pl\/pm5_wp\/wp-content\/uploads\/2025\/05\/Fotoram.io_2-300x300.jpg 300w, https:\/\/zsp5gliwice.pl\/pm5_wp\/wp-content\/uploads\/2025\/05\/Fotoram.io_2-1024x1024.jpg 1024w, https:\/\/zsp5gliwice.pl\/pm5_wp\/wp-content\/uploads\/2025\/05\/Fotoram.io_2-768x768.jpg 768w, https:\/\/zsp5gliwice.pl\/pm5_wp\/wp-content\/uploads\/2025\/05\/Fotoram.io_2.jpg 1200w\" sizes=\"(max-width: 150px) 100vw, 150px\" \/><\/a>\n\t\t\t<\/div><\/figure><figure class='gallery-item'>\n\t\t\t<div class='gallery-icon landscape'>\n\t\t\t\t<a data-elementor-open-lightbox=\"yes\" data-elementor-lightbox-slideshow=\"c357db2\" data-elementor-lightbox-title=\"Danie 3\" data-e-action-hash=\"#elementor-action%3Aaction%3Dlightbox%26settings%3DeyJpZCI6MjUyLCJ1cmwiOiJodHRwczpcL1wvenNwNWdsaXdpY2UucGxcL3BtNV93cFwvd3AtY29udGVudFwvdXBsb2Fkc1wvMjAyNVwvMDVcL2oxMTEuanBnIiwic2xpZGVzaG93IjoiYzM1N2RiMiJ9\" href='https:\/\/zsp5gliwice.pl\/pm5_wp\/wp-content\/uploads\/2025\/05\/j111.jpg'><img decoding=\"async\" width=\"150\" height=\"150\" src=\"https:\/\/zsp5gliwice.pl\/pm5_wp\/wp-content\/uploads\/2025\/05\/j111-150x150.jpg\" class=\"attachment-thumbnail size-thumbnail\" alt=\"\" srcset=\"https:\/\/zsp5gliwice.pl\/pm5_wp\/wp-content\/uploads\/2025\/05\/j111-150x150.jpg 150w, https:\/\/zsp5gliwice.pl\/pm5_wp\/wp-content\/uploads\/2025\/05\/j111-300x300.jpg 300w, https:\/\/zsp5gliwice.pl\/pm5_wp\/wp-content\/uploads\/2025\/05\/j111-1024x1024.jpg 1024w, https:\/\/zsp5gliwice.pl\/pm5_wp\/wp-content\/uploads\/2025\/05\/j111-768x768.jpg 768w, https:\/\/zsp5gliwice.pl\/pm5_wp\/wp-content\/uploads\/2025\/05\/j111.jpg 1200w\" sizes=\"(max-width: 150px) 100vw, 150px\" \/><\/a>\n\t\t\t<\/div><\/figure><figure class='gallery-item'>\n\t\t\t<div class='gallery-icon landscape'>\n\t\t\t\t<a data-elementor-open-lightbox=\"yes\" data-elementor-lightbox-slideshow=\"c357db2\" data-elementor-lightbox-title=\"Danie 4\" data-e-action-hash=\"#elementor-action%3Aaction%3Dlightbox%26settings%3DeyJpZCI6MjUxLCJ1cmwiOiJodHRwczpcL1wvenNwNWdsaXdpY2UucGxcL3BtNV93cFwvd3AtY29udGVudFwvdXBsb2Fkc1wvMjAyNVwvMDVcL0ZvdG9yYW00LmpwZyIsInNsaWRlc2hvdyI6ImMzNTdkYjIifQ%3D%3D\" href='https:\/\/zsp5gliwice.pl\/pm5_wp\/wp-content\/uploads\/2025\/05\/Fotoram4.jpg'><img loading=\"lazy\" decoding=\"async\" width=\"150\" height=\"150\" src=\"https:\/\/zsp5gliwice.pl\/pm5_wp\/wp-content\/uploads\/2025\/05\/Fotoram4-150x150.jpg\" class=\"attachment-thumbnail size-thumbnail\" alt=\"\" srcset=\"https:\/\/zsp5gliwice.pl\/pm5_wp\/wp-content\/uploads\/2025\/05\/Fotoram4-150x150.jpg 150w, https:\/\/zsp5gliwice.pl\/pm5_wp\/wp-content\/uploads\/2025\/05\/Fotoram4-300x300.jpg 300w, https:\/\/zsp5gliwice.pl\/pm5_wp\/wp-content\/uploads\/2025\/05\/Fotoram4-1024x1024.jpg 1024w, https:\/\/zsp5gliwice.pl\/pm5_wp\/wp-content\/uploads\/2025\/05\/Fotoram4-768x768.jpg 768w, https:\/\/zsp5gliwice.pl\/pm5_wp\/wp-content\/uploads\/2025\/05\/Fotoram4.jpg 1200w\" sizes=\"(max-width: 150px) 100vw, 150px\" \/><\/a>\n\t\t\t<\/div><\/figure><figure class='gallery-item'>\n\t\t\t<div class='gallery-icon landscape'>\n\t\t\t\t<a data-elementor-open-lightbox=\"yes\" data-elementor-lightbox-slideshow=\"c357db2\" data-elementor-lightbox-title=\"Danie 5\" data-e-action-hash=\"#elementor-action%3Aaction%3Dlightbox%26settings%3DeyJpZCI6MjUwLCJ1cmwiOiJodHRwczpcL1wvenNwNWdsaXdpY2UucGxcL3BtNV93cFwvd3AtY29udGVudFwvdXBsb2Fkc1wvMjAyNVwvMDVcL2oxLmpwZyIsInNsaWRlc2hvdyI6ImMzNTdkYjIifQ%3D%3D\" href='https:\/\/zsp5gliwice.pl\/pm5_wp\/wp-content\/uploads\/2025\/05\/j1.jpg'><img loading=\"lazy\" decoding=\"async\" width=\"150\" height=\"150\" src=\"https:\/\/zsp5gliwice.pl\/pm5_wp\/wp-content\/uploads\/2025\/05\/j1-150x150.jpg\" class=\"attachment-thumbnail size-thumbnail\" alt=\"\" srcset=\"https:\/\/zsp5gliwice.pl\/pm5_wp\/wp-content\/uploads\/2025\/05\/j1-150x150.jpg 150w, https:\/\/zsp5gliwice.pl\/pm5_wp\/wp-content\/uploads\/2025\/05\/j1-300x300.jpg 300w, https:\/\/zsp5gliwice.pl\/pm5_wp\/wp-content\/uploads\/2025\/05\/j1-1024x1024.jpg 1024w, https:\/\/zsp5gliwice.pl\/pm5_wp\/wp-content\/uploads\/2025\/05\/j1-768x768.jpg 768w, https:\/\/zsp5gliwice.pl\/pm5_wp\/wp-content\/uploads\/2025\/05\/j1.jpg 1440w\" sizes=\"(max-width: 150px) 100vw, 150px\" \/><\/a>\n\t\t\t<\/div><\/figure><figure class='gallery-item'>\n\t\t\t<div class='gallery-icon landscape'>\n\t\t\t\t<a data-elementor-open-lightbox=\"yes\" data-elementor-lightbox-slideshow=\"c357db2\" data-elementor-lightbox-title=\"Danie 6\" data-e-action-hash=\"#elementor-action%3Aaction%3Dlightbox%26settings%3DeyJpZCI6MjQ5LCJ1cmwiOiJodHRwczpcL1wvenNwNWdsaXdpY2UucGxcL3BtNV93cFwvd3AtY29udGVudFwvdXBsb2Fkc1wvMjAyNVwvMDVcL2oyLmpwZyIsInNsaWRlc2hvdyI6ImMzNTdkYjIifQ%3D%3D\" href='https:\/\/zsp5gliwice.pl\/pm5_wp\/wp-content\/uploads\/2025\/05\/j2.jpg'><img loading=\"lazy\" decoding=\"async\" width=\"150\" height=\"150\" src=\"https:\/\/zsp5gliwice.pl\/pm5_wp\/wp-content\/uploads\/2025\/05\/j2-150x150.jpg\" class=\"attachment-thumbnail size-thumbnail\" alt=\"\" srcset=\"https:\/\/zsp5gliwice.pl\/pm5_wp\/wp-content\/uploads\/2025\/05\/j2-150x150.jpg 150w, https:\/\/zsp5gliwice.pl\/pm5_wp\/wp-content\/uploads\/2025\/05\/j2-300x300.jpg 300w, https:\/\/zsp5gliwice.pl\/pm5_wp\/wp-content\/uploads\/2025\/05\/j2-1024x1024.jpg 1024w, https:\/\/zsp5gliwice.pl\/pm5_wp\/wp-content\/uploads\/2025\/05\/j2-768x768.jpg 768w, https:\/\/zsp5gliwice.pl\/pm5_wp\/wp-content\/uploads\/2025\/05\/j2.jpg 1440w\" sizes=\"(max-width: 150px) 100vw, 150px\" \/><\/a>\n\t\t\t<\/div><\/figure><figure class='gallery-item'>\n\t\t\t<div class='gallery-icon landscape'>\n\t\t\t\t<a data-elementor-open-lightbox=\"yes\" data-elementor-lightbox-slideshow=\"c357db2\" data-elementor-lightbox-title=\"Danie 7\" data-e-action-hash=\"#elementor-action%3Aaction%3Dlightbox%26settings%3DeyJpZCI6MjQ4LCJ1cmwiOiJodHRwczpcL1wvenNwNWdsaXdpY2UucGxcL3BtNV93cFwvd3AtY29udGVudFwvdXBsb2Fkc1wvMjAyNVwvMDVcL2ozLmpwZyIsInNsaWRlc2hvdyI6ImMzNTdkYjIifQ%3D%3D\" href='https:\/\/zsp5gliwice.pl\/pm5_wp\/wp-content\/uploads\/2025\/05\/j3.jpg'><img loading=\"lazy\" decoding=\"async\" width=\"150\" height=\"150\" src=\"https:\/\/zsp5gliwice.pl\/pm5_wp\/wp-content\/uploads\/2025\/05\/j3-150x150.jpg\" class=\"attachment-thumbnail size-thumbnail\" alt=\"\" srcset=\"https:\/\/zsp5gliwice.pl\/pm5_wp\/wp-content\/uploads\/2025\/05\/j3-150x150.jpg 150w, https:\/\/zsp5gliwice.pl\/pm5_wp\/wp-content\/uploads\/2025\/05\/j3-300x300.jpg 300w, https:\/\/zsp5gliwice.pl\/pm5_wp\/wp-content\/uploads\/2025\/05\/j3-1024x1024.jpg 1024w, https:\/\/zsp5gliwice.pl\/pm5_wp\/wp-content\/uploads\/2025\/05\/j3-768x768.jpg 768w, https:\/\/zsp5gliwice.pl\/pm5_wp\/wp-content\/uploads\/2025\/05\/j3.jpg 1440w\" sizes=\"(max-width: 150px) 100vw, 150px\" \/><\/a>\n\t\t\t<\/div><\/figure><figure class='gallery-item'>\n\t\t\t<div class='gallery-icon landscape'>\n\t\t\t\t<a data-elementor-open-lightbox=\"yes\" data-elementor-lightbox-slideshow=\"c357db2\" data-elementor-lightbox-title=\"Danie 8\" data-e-action-hash=\"#elementor-action%3Aaction%3Dlightbox%26settings%3DeyJpZCI6MjQ3LCJ1cmwiOiJodHRwczpcL1wvenNwNWdsaXdpY2UucGxcL3BtNV93cFwvd3AtY29udGVudFwvdXBsb2Fkc1wvMjAyNVwvMDVcL2o0LmpwZyIsInNsaWRlc2hvdyI6ImMzNTdkYjIifQ%3D%3D\" href='https:\/\/zsp5gliwice.pl\/pm5_wp\/wp-content\/uploads\/2025\/05\/j4.jpg'><img loading=\"lazy\" decoding=\"async\" width=\"150\" height=\"150\" src=\"https:\/\/zsp5gliwice.pl\/pm5_wp\/wp-content\/uploads\/2025\/05\/j4-150x150.jpg\" class=\"attachment-thumbnail size-thumbnail\" alt=\"\" srcset=\"https:\/\/zsp5gliwice.pl\/pm5_wp\/wp-content\/uploads\/2025\/05\/j4-150x150.jpg 150w, https:\/\/zsp5gliwice.pl\/pm5_wp\/wp-content\/uploads\/2025\/05\/j4-300x300.jpg 300w, https:\/\/zsp5gliwice.pl\/pm5_wp\/wp-content\/uploads\/2025\/05\/j4-1024x1024.jpg 1024w, https:\/\/zsp5gliwice.pl\/pm5_wp\/wp-content\/uploads\/2025\/05\/j4-768x768.jpg 768w, https:\/\/zsp5gliwice.pl\/pm5_wp\/wp-content\/uploads\/2025\/05\/j4.jpg 1440w\" sizes=\"(max-width: 150px) 100vw, 150px\" \/><\/a>\n\t\t\t<\/div><\/figure><figure class='gallery-item'>\n\t\t\t<div class='gallery-icon landscape'>\n\t\t\t\t<a data-elementor-open-lightbox=\"yes\" data-elementor-lightbox-slideshow=\"c357db2\" data-elementor-lightbox-title=\"Danie 9\" data-e-action-hash=\"#elementor-action%3Aaction%3Dlightbox%26settings%3DeyJpZCI6MjQ2LCJ1cmwiOiJodHRwczpcL1wvenNwNWdsaXdpY2UucGxcL3BtNV93cFwvd3AtY29udGVudFwvdXBsb2Fkc1wvMjAyNVwvMDVcL2o1LmpwZyIsInNsaWRlc2hvdyI6ImMzNTdkYjIifQ%3D%3D\" href='https:\/\/zsp5gliwice.pl\/pm5_wp\/wp-content\/uploads\/2025\/05\/j5.jpg'><img loading=\"lazy\" decoding=\"async\" width=\"150\" height=\"150\" src=\"https:\/\/zsp5gliwice.pl\/pm5_wp\/wp-content\/uploads\/2025\/05\/j5-150x150.jpg\" class=\"attachment-thumbnail size-thumbnail\" alt=\"\" srcset=\"https:\/\/zsp5gliwice.pl\/pm5_wp\/wp-content\/uploads\/2025\/05\/j5-150x150.jpg 150w, https:\/\/zsp5gliwice.pl\/pm5_wp\/wp-content\/uploads\/2025\/05\/j5-300x300.jpg 300w, https:\/\/zsp5gliwice.pl\/pm5_wp\/wp-content\/uploads\/2025\/05\/j5-1024x1024.jpg 1024w, https:\/\/zsp5gliwice.pl\/pm5_wp\/wp-content\/uploads\/2025\/05\/j5-768x768.jpg 768w, https:\/\/zsp5gliwice.pl\/pm5_wp\/wp-content\/uploads\/2025\/05\/j5.jpg 1440w\" sizes=\"(max-width: 150px) 100vw, 150px\" \/><\/a>\n\t\t\t<\/div><\/figure><figure class='gallery-item'>\n\t\t\t<div class='gallery-icon landscape'>\n\t\t\t\t<a data-elementor-open-lightbox=\"yes\" data-elementor-lightbox-slideshow=\"c357db2\" data-elementor-lightbox-title=\"Danie 10\" data-e-action-hash=\"#elementor-action%3Aaction%3Dlightbox%26settings%3DeyJpZCI6MjQ1LCJ1cmwiOiJodHRwczpcL1wvenNwNWdsaXdpY2UucGxcL3BtNV93cFwvd3AtY29udGVudFwvdXBsb2Fkc1wvMjAyNVwvMDVcL2o2LmpwZyIsInNsaWRlc2hvdyI6ImMzNTdkYjIifQ%3D%3D\" href='https:\/\/zsp5gliwice.pl\/pm5_wp\/wp-content\/uploads\/2025\/05\/j6.jpg'><img loading=\"lazy\" decoding=\"async\" width=\"150\" height=\"150\" src=\"https:\/\/zsp5gliwice.pl\/pm5_wp\/wp-content\/uploads\/2025\/05\/j6-150x150.jpg\" class=\"attachment-thumbnail size-thumbnail\" alt=\"\" srcset=\"https:\/\/zsp5gliwice.pl\/pm5_wp\/wp-content\/uploads\/2025\/05\/j6-150x150.jpg 150w, https:\/\/zsp5gliwice.pl\/pm5_wp\/wp-content\/uploads\/2025\/05\/j6-300x300.jpg 300w, https:\/\/zsp5gliwice.pl\/pm5_wp\/wp-content\/uploads\/2025\/05\/j6-1024x1024.jpg 1024w, https:\/\/zsp5gliwice.pl\/pm5_wp\/wp-content\/uploads\/2025\/05\/j6-768x768.jpg 768w, https:\/\/zsp5gliwice.pl\/pm5_wp\/wp-content\/uploads\/2025\/05\/j6.jpg 1440w\" sizes=\"(max-width: 150px) 100vw, 150px\" \/><\/a>\n\t\t\t<\/div><\/figure><figure class='gallery-item'>\n\t\t\t<div class='gallery-icon landscape'>\n\t\t\t\t<a data-elementor-open-lightbox=\"yes\" data-elementor-lightbox-slideshow=\"c357db2\" data-elementor-lightbox-title=\"Danie 11\" data-e-action-hash=\"#elementor-action%3Aaction%3Dlightbox%26settings%3DeyJpZCI6MjQ0LCJ1cmwiOiJodHRwczpcL1wvenNwNWdsaXdpY2UucGxcL3BtNV93cFwvd3AtY29udGVudFwvdXBsb2Fkc1wvMjAyNVwvMDVcL2o3LmpwZyIsInNsaWRlc2hvdyI6ImMzNTdkYjIifQ%3D%3D\" href='https:\/\/zsp5gliwice.pl\/pm5_wp\/wp-content\/uploads\/2025\/05\/j7.jpg'><img loading=\"lazy\" decoding=\"async\" width=\"150\" height=\"150\" src=\"https:\/\/zsp5gliwice.pl\/pm5_wp\/wp-content\/uploads\/2025\/05\/j7-150x150.jpg\" class=\"attachment-thumbnail size-thumbnail\" alt=\"\" srcset=\"https:\/\/zsp5gliwice.pl\/pm5_wp\/wp-content\/uploads\/2025\/05\/j7-150x150.jpg 150w, https:\/\/zsp5gliwice.pl\/pm5_wp\/wp-content\/uploads\/2025\/05\/j7-300x300.jpg 300w, https:\/\/zsp5gliwice.pl\/pm5_wp\/wp-content\/uploads\/2025\/05\/j7-1024x1024.jpg 1024w, https:\/\/zsp5gliwice.pl\/pm5_wp\/wp-content\/uploads\/2025\/05\/j7-768x768.jpg 768w, https:\/\/zsp5gliwice.pl\/pm5_wp\/wp-content\/uploads\/2025\/05\/j7.jpg 1440w\" sizes=\"(max-width: 150px) 100vw, 150px\" \/><\/a>\n\t\t\t<\/div><\/figure><figure class='gallery-item'>\n\t\t\t<div class='gallery-icon landscape'>\n\t\t\t\t<a data-elementor-open-lightbox=\"yes\" data-elementor-lightbox-slideshow=\"c357db2\" data-elementor-lightbox-title=\"Danie 12\" data-e-action-hash=\"#elementor-action%3Aaction%3Dlightbox%26settings%3DeyJpZCI6MjQzLCJ1cmwiOiJodHRwczpcL1wvenNwNWdsaXdpY2UucGxcL3BtNV93cFwvd3AtY29udGVudFwvdXBsb2Fkc1wvMjAyNVwvMDVcL2o4LmpwZyIsInNsaWRlc2hvdyI6ImMzNTdkYjIifQ%3D%3D\" href='https:\/\/zsp5gliwice.pl\/pm5_wp\/wp-content\/uploads\/2025\/05\/j8.jpg'><img loading=\"lazy\" decoding=\"async\" width=\"150\" height=\"150\" src=\"https:\/\/zsp5gliwice.pl\/pm5_wp\/wp-content\/uploads\/2025\/05\/j8-150x150.jpg\" class=\"attachment-thumbnail size-thumbnail\" alt=\"\" srcset=\"https:\/\/zsp5gliwice.pl\/pm5_wp\/wp-content\/uploads\/2025\/05\/j8-150x150.jpg 150w, https:\/\/zsp5gliwice.pl\/pm5_wp\/wp-content\/uploads\/2025\/05\/j8-300x300.jpg 300w, https:\/\/zsp5gliwice.pl\/pm5_wp\/wp-content\/uploads\/2025\/05\/j8-1024x1024.jpg 1024w, https:\/\/zsp5gliwice.pl\/pm5_wp\/wp-content\/uploads\/2025\/05\/j8-768x768.jpg 768w, https:\/\/zsp5gliwice.pl\/pm5_wp\/wp-content\/uploads\/2025\/05\/j8.jpg 1440w\" sizes=\"(max-width: 150px) 100vw, 150px\" \/><\/a>\n\t\t\t<\/div><\/figure><figure class='gallery-item'>\n\t\t\t<div class='gallery-icon landscape'>\n\t\t\t\t<a data-elementor-open-lightbox=\"yes\" data-elementor-lightbox-slideshow=\"c357db2\" data-elementor-lightbox-title=\"Danie 13\" data-e-action-hash=\"#elementor-action%3Aaction%3Dlightbox%26settings%3DeyJpZCI6MjQyLCJ1cmwiOiJodHRwczpcL1wvenNwNWdsaXdpY2UucGxcL3BtNV93cFwvd3AtY29udGVudFwvdXBsb2Fkc1wvMjAyNVwvMDVcL2o5LmpwZyIsInNsaWRlc2hvdyI6ImMzNTdkYjIifQ%3D%3D\" href='https:\/\/zsp5gliwice.pl\/pm5_wp\/wp-content\/uploads\/2025\/05\/j9.jpg'><img loading=\"lazy\" decoding=\"async\" width=\"150\" height=\"150\" src=\"https:\/\/zsp5gliwice.pl\/pm5_wp\/wp-content\/uploads\/2025\/05\/j9-150x150.jpg\" class=\"attachment-thumbnail size-thumbnail\" alt=\"\" srcset=\"https:\/\/zsp5gliwice.pl\/pm5_wp\/wp-content\/uploads\/2025\/05\/j9-150x150.jpg 150w, https:\/\/zsp5gliwice.pl\/pm5_wp\/wp-content\/uploads\/2025\/05\/j9-300x300.jpg 300w, https:\/\/zsp5gliwice.pl\/pm5_wp\/wp-content\/uploads\/2025\/05\/j9-1024x1024.jpg 1024w, https:\/\/zsp5gliwice.pl\/pm5_wp\/wp-content\/uploads\/2025\/05\/j9-768x768.jpg 768w, https:\/\/zsp5gliwice.pl\/pm5_wp\/wp-content\/uploads\/2025\/05\/j9.jpg 1440w\" sizes=\"(max-width: 150px) 100vw, 150px\" \/><\/a>\n\t\t\t<\/div><\/figure>\n\t\t<\/div>\n\t\t<\/div>\n\t\t\t\t\t\t<\/div>\n\t\t\t\t<\/div>\n\t\t\t\t\t<\/div>\n\t\t\t\t<\/div>\n\t\t\t\t<\/div>\n\t\t","protected":false},"excerpt":{"rendered":"","protected":false},"author":3,"featured_media":0,"parent":0,"menu_order":0,"comment_status":"closed","ping_status":"closed","template":"","meta":{"postBodyCss":"","postBodyMargin":[],"postBodyPadding":[],"postBodyBackground":{"backgroundType":"classic","gradient":""},"ngg_post_thumbnail":0,"footnotes":""},"class_list":["post-241","page","type-page","status-publish","hentry"],"_links":{"self":[{"href":"https:\/\/zsp5gliwice.pl\/pm5_wp\/wp-json\/wp\/v2\/pages\/241","targetHints":{"allow":["GET"]}}],"collection":[{"href":"https:\/\/zsp5gliwice.pl\/pm5_wp\/wp-json\/wp\/v2\/pages"}],"about":[{"href":"https:\/\/zsp5gliwice.pl\/pm5_wp\/wp-json\/wp\/v2\/types\/page"}],"author":[{"embeddable":true,"href":"https:\/\/zsp5gliwice.pl\/pm5_wp\/wp-json\/wp\/v2\/users\/3"}],"replies":[{"embeddable":true,"href":"https:\/\/zsp5gliwice.pl\/pm5_wp\/wp-json\/wp\/v2\/comments?post=241"}],"version-history":[{"count":7,"href":"https:\/\/zsp5gliwice.pl\/pm5_wp\/wp-json\/wp\/v2\/pages\/241\/revisions"}],"predecessor-version":[{"id":264,"href":"https:\/\/zsp5gliwice.pl\/pm5_wp\/wp-json\/wp\/v2\/pages\/241\/revisions\/264"}],"wp:attachment":[{"href":"https:\/\/zsp5gliwice.pl\/pm5_wp\/wp-json\/wp\/v2\/media?parent=241"}],"curies":[{"name":"wp","href":"https:\/\/api.w.org\/{rel}","templated":true}]}}