{"id":235,"date":"2025-05-30T11:12:18","date_gmt":"2025-05-30T09:12:18","guid":{"rendered":"https:\/\/zsp5gliwice.pl\/pm5_wp\/?page_id=235"},"modified":"2026-04-17T14:26:15","modified_gmt":"2026-04-17T12:26:15","slug":"stolowka","status":"publish","type":"page","link":"https:\/\/zsp5gliwice.pl\/pm5_wp\/stolowka\/","title":{"rendered":"Sto\u0142\u00f3wka"},"content":{"rendered":"\t\t<div data-elementor-type=\"wp-page\" data-elementor-id=\"235\" class=\"elementor elementor-235\">\n\t\t\t\t<div class=\"elementor-element elementor-element-7c5944c1 e-flex e-con-boxed e-con e-parent\" data-id=\"7c5944c1\" data-element_type=\"container\" data-e-type=\"container\">\n\t\t\t\t\t<div class=\"e-con-inner\">\n\t\t\t\t<div class=\"elementor-element elementor-element-1e9ce902 elementor-widget elementor-widget-text-editor\" data-id=\"1e9ce902\" data-element_type=\"widget\" data-e-type=\"widget\" data-widget_type=\"text-editor.default\">\n\t\t\t\t<div class=\"elementor-widget-container\">\n\t\t\t\t\t\t\t\t\t<ul><li style=\"text-align: center;\">\u00a0<\/li><\/ul><p><img fetchpriority=\"high\" decoding=\"async\" class=\"alignnone wp-image-236 aligncenter\" src=\"https:\/\/zsp5gliwice.pl\/pm5_wp\/wp-content\/uploads\/2025\/05\/pexels-photo-1640772-1640772-300x157.jpg\" alt=\"A vibrant platter of savory sweet potato fries with fresh toppings, perfect for a tasty snack.\" width=\"676\" height=\"354\" srcset=\"https:\/\/zsp5gliwice.pl\/pm5_wp\/wp-content\/uploads\/2025\/05\/pexels-photo-1640772-1640772-300x157.jpg 300w, https:\/\/zsp5gliwice.pl\/pm5_wp\/wp-content\/uploads\/2025\/05\/pexels-photo-1640772-1640772-1024x535.jpg 1024w, https:\/\/zsp5gliwice.pl\/pm5_wp\/wp-content\/uploads\/2025\/05\/pexels-photo-1640772-1640772-768x401.jpg 768w, https:\/\/zsp5gliwice.pl\/pm5_wp\/wp-content\/uploads\/2025\/05\/pexels-photo-1640772-1640772.jpg 1200w\" sizes=\"(max-width: 676px) 100vw, 676px\" \/><\/p><ul><li><a href=\"https:\/\/zsp5gliwice.pl\/pm5_wp\/2025\/05\/30\/numer-konta-za-wplaty-za-zywienie\/\">Numery kont za \u017cywienie &#8211; PM 5 i odzia\u0142y &#8222;0&#8221;<\/a><\/li><li><a href=\"https:\/\/zsp5gliwice.pl\/pm5_wp\/galeria-przykladowych-posilkow\/\">Galeria przyk\u0142adowych posi\u0142k\u00f3w<\/a><\/li><li><a href=\"https:\/\/zsp5gliwice.pl\/pm5_wp\/2025\/05\/30\/informacje-dla-rodzicow\/\">Informacje dla rodzic\u00f3w <\/a><\/li><li><a href=\"https:\/\/zsp5gliwice.pl\/pm5_wp\/2025\/05\/30\/alergeny\/\">Alergeny<\/a><\/li><li><a href=\"https:\/\/zsp5gliwice.pl\/pm5_wp\/2025\/05\/30\/przygotowanie-posilkow\/\">Przygotowanie posi\u0142k\u00f3w &#8211; dodatki<\/a><\/li><li><a href=\"https:\/\/zsp5gliwice.pl\/pm5_wp\/2025\/05\/30\/przygotowanie-posilkow-przyprawy\/\">Przygotowanie posi\u0142k\u00f3w &#8211; przyprawy<\/a><\/li><\/ul>\t\t\t\t\t\t\t\t<\/div>\n\t\t\t\t<\/div>\n\t\t\t\t<div class=\"elementor-element elementor-element-fcc2593 elementor-widget-divider--separator-type-pattern elementor-widget-divider--view-line elementor-widget elementor-widget-divider\" data-id=\"fcc2593\" data-element_type=\"widget\" data-e-type=\"widget\" data-widget_type=\"divider.default\">\n\t\t\t\t<div class=\"elementor-widget-container\">\n\t\t\t\t\t\t\t<div class=\"elementor-divider\" style=\"--divider-pattern-url: url(&quot;data:image\/svg+xml,%3Csvg xmlns=&#039;http:\/\/www.w3.org\/2000\/svg&#039; preserveAspectRatio=&#039;none&#039; overflow=&#039;visible&#039; height=&#039;100%&#039; viewBox=&#039;0 0 24 24&#039; fill=&#039;none&#039; stroke=&#039;black&#039; stroke-width=&#039;1&#039; stroke-linecap=&#039;square&#039; stroke-miterlimit=&#039;10&#039;%3E%3Cpath d=&#039;M0,21c3.3,0,8.3-0.9,15.7-7.1c6.6-5.4,4.4-9.3,2.4-10.3c-3.4-1.8-7.7,1.3-7.3,8.8C11.2,20,17.1,21,24,21&#039;\/%3E%3C\/svg%3E&quot;);\">\n\t\t\t<span class=\"elementor-divider-separator\">\n\t\t\t\t\t\t<\/span>\n\t\t<\/div>\n\t\t\t\t\t\t<\/div>\n\t\t\t\t<\/div>\n\t\t\t\t\t<\/div>\n\t\t\t\t<\/div>\n\t\t<div class=\"elementor-element elementor-element-8238c51 e-flex e-con-boxed e-con e-parent\" data-id=\"8238c51\" data-element_type=\"container\" data-e-type=\"container\">\n\t\t\t\t\t<div class=\"e-con-inner\">\n\t\t\t\t<div class=\"elementor-element elementor-element-931c7b7 elementor-align-center elementor-widget elementor-widget-elementskit-button\" data-id=\"931c7b7\" data-element_type=\"widget\" data-e-type=\"widget\" data-widget_type=\"elementskit-button.default\">\n\t\t\t\t<div class=\"elementor-widget-container\">\n\t\t\t\t\t<div class=\"ekit-wid-con\" >\t\t<div class=\"ekit-btn-wraper\">\n\t\t\t\t\t\t\t<a href=\"https:\/\/zsp5gliwice.pl\/pm5_wp\/wp-content\/uploads\/2026\/04\/kolorowy25.pdf\" class=\"elementskit-btn  whitespace--normal\" id=\"\">\n\t\t\t\t\tJad\u0142ospis\t\t\t\t<\/a>\n\t\t\t\t\t<\/div>\n        <\/div>\t\t\t\t<\/div>\n\t\t\t\t<\/div>\n\t\t\t\t<div class=\"elementor-element elementor-element-8989f67 elementor-widget-divider--separator-type-pattern elementor-widget-divider--view-line elementor-widget elementor-widget-divider\" data-id=\"8989f67\" data-element_type=\"widget\" data-e-type=\"widget\" data-widget_type=\"divider.default\">\n\t\t\t\t<div class=\"elementor-widget-container\">\n\t\t\t\t\t\t\t<div class=\"elementor-divider\" style=\"--divider-pattern-url: url(&quot;data:image\/svg+xml,%3Csvg xmlns=&#039;http:\/\/www.w3.org\/2000\/svg&#039; preserveAspectRatio=&#039;none&#039; overflow=&#039;visible&#039; height=&#039;100%&#039; viewBox=&#039;0 0 24 24&#039; fill=&#039;none&#039; stroke=&#039;black&#039; stroke-width=&#039;1&#039; stroke-linecap=&#039;square&#039; stroke-miterlimit=&#039;10&#039;%3E%3Cpath d=&#039;M0,21c3.3,0,8.3-0.9,15.7-7.1c6.6-5.4,4.4-9.3,2.4-10.3c-3.4-1.8-7.7,1.3-7.3,8.8C11.2,20,17.1,21,24,21&#039;\/%3E%3C\/svg%3E&quot;);\">\n\t\t\t<span class=\"elementor-divider-separator\">\n\t\t\t\t\t\t<\/span>\n\t\t<\/div>\n\t\t\t\t\t\t<\/div>\n\t\t\t\t<\/div>\n\t\t\t\t\t<\/div>\n\t\t\t\t<\/div>\n\t\t<div class=\"elementor-element elementor-element-871111a e-flex e-con-boxed e-con e-parent\" data-id=\"871111a\" data-element_type=\"container\" data-e-type=\"container\">\n\t\t\t\t\t<div class=\"e-con-inner\">\n\t\t\t\t\t<\/div>\n\t\t\t\t<\/div>\n\t\t\t\t<\/div>\n\t\t","protected":false},"excerpt":{"rendered":"<p>\u00a0 Numery kont za \u017cywienie &#8211; PM 5 i odzia\u0142y &#8222;0&#8221; Galeria przyk\u0142adowych posi\u0142k\u00f3w Informacje dla rodzic\u00f3w Alergeny Przygotowanie posi\u0142k\u00f3w &#8211; dodatki Przygotowanie posi\u0142k\u00f3w &#8211; przyprawy Jad\u0142ospis<\/p>\n","protected":false},"author":3,"featured_media":236,"parent":0,"menu_order":0,"comment_status":"closed","ping_status":"closed","template":"","meta":{"postBodyCss":"","postBodyMargin":[],"postBodyPadding":[],"postBodyBackground":{"backgroundType":"classic","gradient":""},"ngg_post_thumbnail":0,"footnotes":""},"class_list":["post-235","page","type-page","status-publish","has-post-thumbnail","hentry"],"_links":{"self":[{"href":"https:\/\/zsp5gliwice.pl\/pm5_wp\/wp-json\/wp\/v2\/pages\/235","targetHints":{"allow":["GET"]}}],"collection":[{"href":"https:\/\/zsp5gliwice.pl\/pm5_wp\/wp-json\/wp\/v2\/pages"}],"about":[{"href":"https:\/\/zsp5gliwice.pl\/pm5_wp\/wp-json\/wp\/v2\/types\/page"}],"author":[{"embeddable":true,"href":"https:\/\/zsp5gliwice.pl\/pm5_wp\/wp-json\/wp\/v2\/users\/3"}],"replies":[{"embeddable":true,"href":"https:\/\/zsp5gliwice.pl\/pm5_wp\/wp-json\/wp\/v2\/comments?post=235"}],"version-history":[{"count":124,"href":"https:\/\/zsp5gliwice.pl\/pm5_wp\/wp-json\/wp\/v2\/pages\/235\/revisions"}],"predecessor-version":[{"id":1736,"href":"https:\/\/zsp5gliwice.pl\/pm5_wp\/wp-json\/wp\/v2\/pages\/235\/revisions\/1736"}],"wp:featuredmedia":[{"embeddable":true,"href":"https:\/\/zsp5gliwice.pl\/pm5_wp\/wp-json\/wp\/v2\/media\/236"}],"wp:attachment":[{"href":"https:\/\/zsp5gliwice.pl\/pm5_wp\/wp-json\/wp\/v2\/media?parent=235"}],"curies":[{"name":"wp","href":"https:\/\/api.w.org\/{rel}","templated":true}]}}