{"id":868,"date":"2024-12-28T14:22:11","date_gmt":"2024-12-28T13:22:11","guid":{"rendered":"https:\/\/hosting1939560.online.pro\/autoinstalator\/wordpress1\/?page_id=868"},"modified":"2025-01-11T12:22:55","modified_gmt":"2025-01-11T11:22:55","slug":"mapa-strony","status":"publish","type":"page","link":"https:\/\/zsp5gliwice.pl\/autoinstalator\/wordpress1\/mapa-strony\/","title":{"rendered":"Mapa strony"},"content":{"rendered":"<p><span style=\"color: #000000;\">Home<\/span><\/p>\n<ul>\n<li><span style=\"color: #000000;\">Dla Uczni\u00f3w<\/span>\n<ul>\n<li><span style=\"color: #000000;\">Plan dzwonk\u00f3w<\/span><\/li>\n<li><span style=\"color: #000000;\">Samorz\u0105d uczniowski<\/span><\/li>\n<li><span style=\"color: #000000;\">Wymagania przedmiotowe<\/span><\/li>\n<li><span style=\"color: #000000;\">Wolontariat<\/span><\/li>\n<li><span style=\"color: #000000;\">Konkursy<\/span><\/li>\n<li><span style=\"color: #000000;\">Egzamin \u00f3smoklasisty<\/span><\/li>\n<\/ul>\n<\/li>\n<li><span style=\"color: #000000;\">Dla rodzic\u00f3w<\/span>\n<ul>\n<li><span style=\"color: #000000;\">Harmonogram zebra\u0144 i konsultacji<\/span><\/li>\n<li><span style=\"color: #000000;\">Dni wolne od zaj\u0119\u0107 dydaktycznych<\/span><\/li>\n<li><span style=\"color: #000000;\">Godziny dost\u0119pno\u015bci nauczycieli<\/span><\/li>\n<li><span style=\"color: #000000;\">Grafik pracy specjalist\u00f3w<\/span><\/li>\n<li><span style=\"color: #000000;\">E-dziennik<\/span><\/li>\n<li><span style=\"color: #000000;\">Szkolny wykaz podr\u0119cznik\u00f3w<\/span><\/li>\n<li><span style=\"color: #000000;\">Prezydium Rady Rodzic\u00f3w<\/span><\/li>\n<\/ul>\n<\/li>\n<li><span style=\"color: #000000;\">Wok\u00f3\u0142 integracji<\/span><\/li>\n<li><span style=\"color: #000000;\">Zapowiedzi imprez<\/span><\/li>\n<li><span style=\"color: #000000;\">Nasze sukcesy<\/span><\/li>\n<li><span style=\"color: #000000;\">Galeria<\/span><\/li>\n<li><span style=\"color: #000000;\">Projekty<\/span><\/li>\n<li><span style=\"color: #000000;\">Rekrutacja<\/span><\/li>\n<\/ul>\n<p>&nbsp;<\/p>\n<p><span style=\"color: #000000;\">O szkole<\/span><\/p>\n<ul>\n<li><span style=\"color: #000000;\">Grono pedagogiczne<\/span>\n<ul>\n<li><span style=\"color: #000000;\">Wykaz wychowawstw<\/span><\/li>\n<li><span style=\"color: #000000;\">Rozmieszczenie sal i pracowni<\/span><\/li>\n<li><span style=\"color: #000000;\">Grono pedagogiczne<\/span><\/li>\n<\/ul>\n<\/li>\n<li><span style=\"color: #000000;\">Specjali\u015bci szkolni<\/span><\/li>\n<li><span style=\"color: #000000;\">Dokumenty szkolne<\/span>\n<ul>\n<li><span style=\"color: #000000;\">Regulaminy i procedury<\/span><\/li>\n<li><span style=\"color: #000000;\">Zarz\u0105dzenia<\/span><\/li>\n<li><span style=\"color: #000000;\">Wzory pism<\/span><\/li>\n<li><span style=\"color: #000000;\">Statut<\/span><\/li>\n<\/ul>\n<\/li>\n<li><span style=\"color: #000000;\">Biblioteka<\/span>\n<ul>\n<li><span style=\"color: #000000;\">Godziny otwarcia biblioteki<\/span><\/li>\n<li><span style=\"color: #000000;\">Regulamin biblioteki<\/span><\/li>\n<li><span style=\"color: #000000;\">Regulamin ICIM<\/span><\/li>\n<li><span style=\"color: #000000;\">Regulamin wypo\u017cyczania podr\u0119cznik\u00f3w szkolnych<\/span><\/li>\n<li><span style=\"color: #000000;\">Harmonogram pracy biblioteki szkolnej w roku szkolnym 2024\/2025<\/span><\/li>\n<\/ul>\n<\/li>\n<li><span style=\"color: #000000;\">\u015awietlica<\/span><\/li>\n<li><span style=\"color: #000000;\">Sto\u0142\u00f3wka szkolna<\/span>\n<ul>\n<li><span style=\"color: #000000;\">Jad\u0142ospis<\/span><\/li>\n<\/ul>\n<\/li>\n<li><span style=\"color: #000000;\">Dla pracownik\u00f3w<\/span>\n<ul>\n<li><span style=\"color: #000000;\">Regulamin ZF\u015aS<\/span><\/li>\n<li><span style=\"color: #000000;\">Wnioski o dofinansowanie w ramach ZF\u015aS<\/span><\/li>\n<li><span style=\"color: #000000;\">Pomoc zdrowotna dla nauczycieli<\/span><\/li>\n<li><span style=\"color: #000000;\">Wniosek o przyznanie pomocy zdrowotnej<\/span><\/li>\n<li><span style=\"color: #000000;\">Klauzula informacyjna ZF\u015aS<\/span><\/li>\n<li><span style=\"color: #000000;\">Wniosek o \u015bwiadczenie z funduszu zdrowotnego nauczycieli<\/span><\/li>\n<li><span style=\"color: #000000;\">Procedura ubiegania si\u0119 o \u015bwiadczenie w ramach pomocy zdrowotnej dla nauczycieli<\/span><\/li>\n<\/ul>\n<\/li>\n<\/ul>\n<p>&nbsp;<\/p>\n<p><span style=\"color: #000000;\">Z \u017cycia szko\u0142y<\/span><\/p>\n<p>&nbsp;<\/p>\n<p><span style=\"color: #000000;\">Kontakt<\/span><\/p>\n<ul>\n<li style=\"list-style-type: none;\">\n<ul>\n<li><span style=\"color: #000000;\">BIP<\/span><\/li>\n<\/ul>\n<\/li>\n<\/ul>\n<p>&nbsp;<\/p>\n<p><span style=\"color: #000000;\">Facebook<\/span><\/p>\n<p>&nbsp;<\/p>\n<p><span style=\"color: #000000;\">Linki<\/span><\/p>\n<ul>\n<li><span style=\"color: #000000;\">BIP<\/span><\/li>\n<li><span style=\"color: #000000;\">RODO<\/span><\/li>\n<li><span style=\"color: #000000;\">Deklaracja dost\u0119pno\u015bci<\/span><\/li>\n<li><span style=\"color: #000000;\">Dla pracownik\u00f3w<\/span><\/li>\n<\/ul>\n<p>&nbsp;<\/p>\n<p><span style=\"color: #000000;\">Linki<\/span><\/p>\n<ul>\n<li><span style=\"color: #000000;\">Wynajem hali<\/span><\/li>\n<li><span style=\"color: #000000;\">Rekrutacja<\/span><\/li>\n<li><span style=\"color: #000000;\">Przedszkole<\/span><\/li>\n<li><span style=\"color: #000000;\">Archiwum<\/span><\/li>\n<li><span style=\"color: #000000;\">Mapa strony<\/span><\/li>\n<\/ul>\n<p>&nbsp;<\/p>\n","protected":false},"excerpt":{"rendered":"<p>Home Dla Uczni\u00f3w Plan dzwonk\u00f3w Samorz\u0105d uczniowski Wymagania przedmiotowe Wolontariat Konkursy Egzamin \u00f3smoklasisty Dla rodzic\u00f3w [&hellip;]<\/p>\n","protected":false},"author":1,"featured_media":0,"parent":0,"menu_order":0,"comment_status":"closed","ping_status":"closed","template":"","meta":{"two_page_speed":[],"footnotes":""},"class_list":["post-868","page","type-page","status-publish","hentry"],"_links":{"self":[{"href":"https:\/\/zsp5gliwice.pl\/autoinstalator\/wordpress1\/wp-json\/wp\/v2\/pages\/868","targetHints":{"allow":["GET"]}}],"collection":[{"href":"https:\/\/zsp5gliwice.pl\/autoinstalator\/wordpress1\/wp-json\/wp\/v2\/pages"}],"about":[{"href":"https:\/\/zsp5gliwice.pl\/autoinstalator\/wordpress1\/wp-json\/wp\/v2\/types\/page"}],"author":[{"embeddable":true,"href":"https:\/\/zsp5gliwice.pl\/autoinstalator\/wordpress1\/wp-json\/wp\/v2\/users\/1"}],"replies":[{"embeddable":true,"href":"https:\/\/zsp5gliwice.pl\/autoinstalator\/wordpress1\/wp-json\/wp\/v2\/comments?post=868"}],"version-history":[{"count":0,"href":"https:\/\/zsp5gliwice.pl\/autoinstalator\/wordpress1\/wp-json\/wp\/v2\/pages\/868\/revisions"}],"wp:attachment":[{"href":"https:\/\/zsp5gliwice.pl\/autoinstalator\/wordpress1\/wp-json\/wp\/v2\/media?parent=868"}],"curies":[{"name":"wp","href":"https:\/\/api.w.org\/{rel}","templated":true}]}}