{"id":823,"date":"2024-12-28T09:52:10","date_gmt":"2024-12-28T08:52:10","guid":{"rendered":"https:\/\/hosting1939560.online.pro\/autoinstalator\/wordpress1\/?page_id=823"},"modified":"2025-08-30T19:39:51","modified_gmt":"2025-08-30T17:39:51","slug":"wolontariat","status":"publish","type":"page","link":"https:\/\/zsp5gliwice.pl\/autoinstalator\/wordpress1\/wolontariat\/","title":{"rendered":"Wolontariat"},"content":{"rendered":"\t\t<div data-elementor-type=\"wp-page\" data-elementor-id=\"823\" class=\"elementor elementor-823\">\n\t\t\t\t<div class=\"elementor-element elementor-element-a3f8f17 e-flex e-con-boxed e-con e-parent\" data-id=\"a3f8f17\" data-element_type=\"container\" data-e-type=\"container\">\n\t\t\t\t\t<div class=\"e-con-inner\">\n\t\t\t\t<div class=\"elementor-element elementor-element-7ecb91e elementor-widget elementor-widget-text-editor\" data-id=\"7ecb91e\" data-element_type=\"widget\" data-e-type=\"widget\" data-widget_type=\"text-editor.default\">\n\t\t\t\t<div class=\"elementor-widget-container\">\n\t\t\t\t\t\t\t\t\t<p><a href=\"reguhttp:\/\/zsp5gliwice.pl\/autoinstalator\/wordpress1\/wp-content\/uploads\/2025\/08\/Regulamin_Szkolnego_Kola_Wolontariatu.pdf\">Regulamin Szkolnego Ko\u0142a Wolontariatu &#8211; pdf<\/a><\/p><p><a href=\"http:\/\/zsp5gliwice.pl\/autoinstalator\/wordpress1\/wp-content\/uploads\/2025\/08\/Plan-pracy-Szkolnego-Kola-Wolontariatu-25-6.pdf\">Plan pracy Szkolnego Ko\u0142a Wolontariatu \u2013 pdf<\/a><\/p><p><a href=\"http:\/\/zsp5gliwice.pl\/autoinstalator\/wordpress1\/wp-content\/uploads\/2025\/08\/Zalacznik-nr-2-Dzienniczek-Wolontariusza.pdf\">Za\u0142\u0105cznik nr 2 Dzienniczek Wolontariusza<\/a><\/p><p>\u00a0<\/p>\t\t\t\t\t\t\t\t<\/div>\n\t\t\t\t<\/div>\n\t\t\t\t\t<\/div>\n\t\t\t\t<\/div>\n\t\t<div class=\"elementor-element elementor-element-34cde8f3 e-flex e-con-boxed e-con e-parent\" data-id=\"34cde8f3\" data-element_type=\"container\" data-e-type=\"container\">\n\t\t\t\t\t<div class=\"e-con-inner\">\n\t\t\t\t<div class=\"elementor-element elementor-element-2fb60ddb elementor-widget elementor-widget-text-editor\" data-id=\"2fb60ddb\" data-element_type=\"widget\" data-e-type=\"widget\" data-widget_type=\"text-editor.default\">\n\t\t\t\t<div class=\"elementor-widget-container\">\n\t\t\t\t\t\t\t\t\t<span style=\"color: #000000;\">17 stycznia 2024 r. uczniowie z Samorz\u0105du Uczniowskiego i Szkolnego Ko\u0142a Wolontariatu naszej szko\u0142y wraz z opiekunami udali si\u0119 z wizyt\u0105 do schroniska dla zwierz\u0105t w Gliwicach, aby przekaza\u0107 wcze\u015bniej zebrane dary. Wizyta by\u0142a poprzedzona zbi\u00f3rk\u0105 \u017cywno\u015bci dla zwierz\u0105t, kt\u00f3ra zako\u0144czy\u0142a si\u0119 sukcesem. Wszyscy z wielk\u0105 rado\u015bci\u0105 przy\u0142\u0105czyli si\u0119 do akcji i dzi\u0119ki temu zosta\u0142a zebrana du\u017ca ilo\u015b\u0107 suchej oraz mokrej karmy dla ps\u00f3w i kot\u00f3w.<\/span>\r\n\r\n<span style=\"color: #000000;\">Wolontariuszka ze schroniska z wielk\u0105 pasj\u0105 opowiada\u0142a nam o jego funkcjonowaniu. Dzieci mog\u0142y zobaczy\u0107 w jakich warunkach \u017cyj\u0105 zwierz\u0119ta. Nasi uczniowie zobaczyli boksy, w kt\u00f3rych przebywaj\u0105 psy oraz pomieszczenie, w kt\u00f3rym przebywaj\u0105 koty. Mogli\u015bmy zaobserwowa\u0107 ile serca pracownicy i wolontariusze schroniska wk\u0142adaj\u0105 w opiek\u0119 nad zwierz\u0119tami.<\/span>\r\n\r\n<span style=\"color: #000000;\">Serdecznie dzi\u0119kujemy spo\u0142eczno\u015bci szkolnej za zaanga\u017cowanie w zbi\u00f3rk\u0119 dar\u00f3w dla zwierz\u0105t.<\/span>\r\n\r\n<a href=\"http:\/\/hosting1939560.online.pro\/autoinstalator\/wordpress1\/wp-content\/uploads\/2024\/12\/Wizyta_w_scgronisku.jpg\"><img fetchpriority=\"high\" decoding=\"async\" class=\"wp-image-826 size-large aligncenter\" src=\"http:\/\/hosting1939560.online.pro\/autoinstalator\/wordpress1\/wp-content\/uploads\/2024\/12\/Wizyta_w_scgronisku-1024x721.jpg\" alt=\"Element dekoracyjny\" width=\"640\" height=\"451\" srcset=\"https:\/\/zsp5gliwice.pl\/autoinstalator\/wordpress1\/wp-content\/uploads\/2024\/12\/Wizyta_w_scgronisku-1024x721.jpg 1024w, https:\/\/zsp5gliwice.pl\/autoinstalator\/wordpress1\/wp-content\/uploads\/2024\/12\/Wizyta_w_scgronisku-300x211.jpg 300w, https:\/\/zsp5gliwice.pl\/autoinstalator\/wordpress1\/wp-content\/uploads\/2024\/12\/Wizyta_w_scgronisku-768x541.jpg 768w, https:\/\/zsp5gliwice.pl\/autoinstalator\/wordpress1\/wp-content\/uploads\/2024\/12\/Wizyta_w_scgronisku-1536x1082.jpg 1536w, https:\/\/zsp5gliwice.pl\/autoinstalator\/wordpress1\/wp-content\/uploads\/2024\/12\/Wizyta_w_scgronisku.jpg 2000w\" sizes=\"(max-width: 640px) 100vw, 640px\" \/><\/a>\r\n\r\n<a href=\"http:\/\/hosting1939560.online.pro\/autoinstalator\/wordpress1\/wp-content\/uploads\/2024\/12\/Podziekowania_dla_ZSP_5.jpg\"><img decoding=\"async\" class=\"wp-image-825 size-large aligncenter\" src=\"http:\/\/hosting1939560.online.pro\/autoinstalator\/wordpress1\/wp-content\/uploads\/2024\/12\/Podziekowania_dla_ZSP_5-1024x721.jpg\" alt=\"Element dekoracyjny\" width=\"640\" height=\"451\" srcset=\"https:\/\/zsp5gliwice.pl\/autoinstalator\/wordpress1\/wp-content\/uploads\/2024\/12\/Podziekowania_dla_ZSP_5-1024x721.jpg 1024w, https:\/\/zsp5gliwice.pl\/autoinstalator\/wordpress1\/wp-content\/uploads\/2024\/12\/Podziekowania_dla_ZSP_5-300x211.jpg 300w, https:\/\/zsp5gliwice.pl\/autoinstalator\/wordpress1\/wp-content\/uploads\/2024\/12\/Podziekowania_dla_ZSP_5-768x541.jpg 768w, https:\/\/zsp5gliwice.pl\/autoinstalator\/wordpress1\/wp-content\/uploads\/2024\/12\/Podziekowania_dla_ZSP_5-1536x1082.jpg 1536w, https:\/\/zsp5gliwice.pl\/autoinstalator\/wordpress1\/wp-content\/uploads\/2024\/12\/Podziekowania_dla_ZSP_5.jpg 2000w\" sizes=\"(max-width: 640px) 100vw, 640px\" \/><\/a>\t\t\t\t\t\t\t\t<\/div>\n\t\t\t\t<\/div>\n\t\t\t\t\t<\/div>\n\t\t\t\t<\/div>\n\t\t\t\t<\/div>\n\t\t","protected":false},"excerpt":{"rendered":"<p>Regulamin Szkolnego Ko\u0142a Wolontariatu &#8211; pdf Plan pracy Szkolnego Ko\u0142a Wolontariatu \u2013 pdf Za\u0142\u0105cznik nr [&hellip;]<\/p>\n","protected":false},"author":1,"featured_media":0,"parent":0,"menu_order":0,"comment_status":"closed","ping_status":"closed","template":"","meta":{"two_page_speed":[],"footnotes":""},"class_list":["post-823","page","type-page","status-publish","hentry"],"_links":{"self":[{"href":"https:\/\/zsp5gliwice.pl\/autoinstalator\/wordpress1\/wp-json\/wp\/v2\/pages\/823","targetHints":{"allow":["GET"]}}],"collection":[{"href":"https:\/\/zsp5gliwice.pl\/autoinstalator\/wordpress1\/wp-json\/wp\/v2\/pages"}],"about":[{"href":"https:\/\/zsp5gliwice.pl\/autoinstalator\/wordpress1\/wp-json\/wp\/v2\/types\/page"}],"author":[{"embeddable":true,"href":"https:\/\/zsp5gliwice.pl\/autoinstalator\/wordpress1\/wp-json\/wp\/v2\/users\/1"}],"replies":[{"embeddable":true,"href":"https:\/\/zsp5gliwice.pl\/autoinstalator\/wordpress1\/wp-json\/wp\/v2\/comments?post=823"}],"version-history":[{"count":0,"href":"https:\/\/zsp5gliwice.pl\/autoinstalator\/wordpress1\/wp-json\/wp\/v2\/pages\/823\/revisions"}],"wp:attachment":[{"href":"https:\/\/zsp5gliwice.pl\/autoinstalator\/wordpress1\/wp-json\/wp\/v2\/media?parent=823"}],"curies":[{"name":"wp","href":"https:\/\/api.w.org\/{rel}","templated":true}]}}