{"id":606,"date":"2024-12-18T19:51:36","date_gmt":"2024-12-18T18:51:36","guid":{"rendered":"https:\/\/hosting1939560.online.pro\/autoinstalator\/wordpress1\/?page_id=606"},"modified":"2025-09-08T11:06:54","modified_gmt":"2025-09-08T09:06:54","slug":"dla-rodzicow","status":"publish","type":"page","link":"https:\/\/zsp5gliwice.pl\/autoinstalator\/wordpress1\/dla-rodzicow\/","title":{"rendered":"Dla rodzic\u00f3w"},"content":{"rendered":"\t\t<div data-elementor-type=\"wp-page\" data-elementor-id=\"606\" class=\"elementor elementor-606\">\n\t\t\t\t<div class=\"elementor-element elementor-element-83bd1e7 e-flex e-con-boxed e-con e-parent\" data-id=\"83bd1e7\" data-element_type=\"container\" data-e-type=\"container\">\n\t\t\t\t\t<div class=\"e-con-inner\">\n\t\t<div class=\"elementor-element elementor-element-b0bc087 e-con-full e-flex e-con e-child\" data-id=\"b0bc087\" data-element_type=\"container\" data-e-type=\"container\">\n\t\t\t\t<div class=\"elementor-element elementor-element-1f204b3 elementor-align-center elementor-widget elementor-widget-elementskit-button\" data-id=\"1f204b3\" data-element_type=\"widget\" data-e-type=\"widget\" data-widget_type=\"elementskit-button.default\">\n\t\t\t\t<div class=\"elementor-widget-container\">\n\t\t\t\t\t<div class=\"ekit-wid-con\" >\t\t<div class=\"ekit-btn-wraper\">\n\t\t\t\t\t\t\t<a href=\"http:\/\/zsp5gliwice.pl\/autoinstalator\/wordpress1\/wp-content\/uploads\/2025\/09\/harmonogram_zebran_i_konsultacji_2025_26.pdf\" class=\"elementskit-btn  whitespace--normal\" id=\"\">\n\t\t\t\t\tHarmonogram zebra\u0144 i konsultacji\t\t\t\t<\/a>\n\t\t\t\t\t<\/div>\n        <\/div>\t\t\t\t<\/div>\n\t\t\t\t<\/div>\n\t\t\t\t<\/div>\n\t\t<div class=\"elementor-element elementor-element-b7bf050 e-con-full e-flex e-con e-child\" data-id=\"b7bf050\" data-element_type=\"container\" data-e-type=\"container\">\n\t\t\t\t<div class=\"elementor-element elementor-element-9ea501e elementor-align-center elementor-widget elementor-widget-elementskit-button\" data-id=\"9ea501e\" data-element_type=\"widget\" data-e-type=\"widget\" data-widget_type=\"elementskit-button.default\">\n\t\t\t\t<div class=\"elementor-widget-container\">\n\t\t\t\t\t<div class=\"ekit-wid-con\" >\t\t<div class=\"ekit-btn-wraper\">\n\t\t\t\t\t\t\t<a href=\"http:\/\/zsp5gliwice.pl\/autoinstalator\/wordpress1\/wp-content\/uploads\/2025\/08\/kalendarz_roku_szkolnego_2025_26.pdf\" class=\"elementskit-btn  whitespace--normal\" id=\"\">\n\t\t\t\t\tDni wolne od zaj\u0119\u0107 dudaktycznych\t\t\t\t<\/a>\n\t\t\t\t\t<\/div>\n        <\/div>\t\t\t\t<\/div>\n\t\t\t\t<\/div>\n\t\t\t\t<\/div>\n\t\t<div class=\"elementor-element elementor-element-f1ebd5e e-con-full e-flex e-con e-child\" data-id=\"f1ebd5e\" data-element_type=\"container\" data-e-type=\"container\">\n\t\t\t\t<div class=\"elementor-element elementor-element-706dca8 elementor-align-center elementor-widget elementor-widget-elementskit-button\" data-id=\"706dca8\" data-element_type=\"widget\" data-e-type=\"widget\" data-widget_type=\"elementskit-button.default\">\n\t\t\t\t<div class=\"elementor-widget-container\">\n\t\t\t\t\t<div class=\"ekit-wid-con\" >\t\t<div class=\"ekit-btn-wraper\">\n\t\t\t\t\t\t\t<a href=\"http:\/\/hosting1939560.online.pro\/autoinstalator\/wordpress1\/wp-content\/uploads\/2025\/02\/godziny-dostepnosci-nauczycieli-ZSP5-w-roku-szkolnym-2024_25-1.pdf\" class=\"elementskit-btn  whitespace--normal\" id=\"\">\n\t\t\t\t\tGodziny dost\u0119pno\u015bci nauczycieli\t\t\t\t<\/a>\n\t\t\t\t\t<\/div>\n        <\/div>\t\t\t\t<\/div>\n\t\t\t\t<\/div>\n\t\t\t\t<\/div>\n\t\t<div class=\"elementor-element elementor-element-7ad7247 e-con-full e-flex e-con e-child\" data-id=\"7ad7247\" data-element_type=\"container\" data-e-type=\"container\">\n\t\t\t\t<div class=\"elementor-element elementor-element-73a25bc elementor-align-center elementor-widget elementor-widget-elementskit-button\" data-id=\"73a25bc\" data-element_type=\"widget\" data-e-type=\"widget\" data-widget_type=\"elementskit-button.default\">\n\t\t\t\t<div class=\"elementor-widget-container\">\n\t\t\t\t\t<div class=\"ekit-wid-con\" >\t\t<div class=\"ekit-btn-wraper\">\n\t\t\t\t\t\t\t<a href=\"https:\/\/hosting1939560.online.pro\/autoinstalator\/wordpress1\/specjalisci\/\" class=\"elementskit-btn  whitespace--normal\" id=\"\">\n\t\t\t\t\tGrafik pracy specjalist\u00f3w\t\t\t\t<\/a>\n\t\t\t\t\t<\/div>\n        <\/div>\t\t\t\t<\/div>\n\t\t\t\t<\/div>\n\t\t\t\t<div class=\"elementor-element elementor-element-dd369c1 elementor-align-center elementor-widget elementor-widget-elementskit-button\" data-id=\"dd369c1\" data-element_type=\"widget\" data-e-type=\"widget\" data-widget_type=\"elementskit-button.default\">\n\t\t\t\t<div class=\"elementor-widget-container\">\n\t\t\t\t\t<div class=\"ekit-wid-con\" >\t\t<div class=\"ekit-btn-wraper\">\n\t\t\t\t\t\t\t<a href=\"http:\/\/hosting1939560.online.pro\/autoinstalator\/wordpress1\/wp-content\/uploads\/2025\/06\/wykaz-cwiczen-25_26.pdf\" class=\"elementskit-btn  whitespace--normal\" id=\"\">\n\t\t\t\t\tWykaz \u0107wicze\u0144 2025\/2026\t\t\t\t<\/a>\n\t\t\t\t\t<\/div>\n        <\/div>\t\t\t\t<\/div>\n\t\t\t\t<\/div>\n\t\t\t\t<\/div>\n\t\t<div class=\"elementor-element elementor-element-1ab8d92 e-con-full e-flex e-con e-child\" data-id=\"1ab8d92\" data-element_type=\"container\" data-e-type=\"container\">\n\t\t\t\t<div class=\"elementor-element elementor-element-cd8ff6a elementor-align-center elementor-widget elementor-widget-elementskit-button\" data-id=\"cd8ff6a\" data-element_type=\"widget\" data-e-type=\"widget\" data-widget_type=\"elementskit-button.default\">\n\t\t\t\t<div class=\"elementor-widget-container\">\n\t\t\t\t\t<div class=\"ekit-wid-con\" >\t\t<div class=\"ekit-btn-wraper\">\n\t\t\t\t\t\t\t<a href=\"https:\/\/uonetplus.vulcan.net.pl\/gliwice\" class=\"elementskit-btn  whitespace--normal\" id=\"\">\n\t\t\t\t\tE-dziennik\t\t\t\t<\/a>\n\t\t\t\t\t<\/div>\n        <\/div>\t\t\t\t<\/div>\n\t\t\t\t<\/div>\n\t\t\t\t<div class=\"elementor-element elementor-element-8e5a6a5 elementor-align-center elementor-widget elementor-widget-elementskit-button\" data-id=\"8e5a6a5\" data-element_type=\"widget\" data-e-type=\"widget\" data-widget_type=\"elementskit-button.default\">\n\t\t\t\t<div class=\"elementor-widget-container\">\n\t\t\t\t\t<div class=\"ekit-wid-con\" >\t\t<div class=\"ekit-btn-wraper\">\n\t\t\t\t\t\t\t<a href=\"http:\/\/hosting1939560.online.pro\/autoinstalator\/wordpress1\/wp-content\/uploads\/2025\/06\/szkolny-zestaw-programow-25_26.pdf\" class=\"elementskit-btn  whitespace--normal\" id=\"\">\n\t\t\t\t\tSzkolny zestaw program\u00f3w 2025\/2026\t\t\t\t<\/a>\n\t\t\t\t\t<\/div>\n        <\/div>\t\t\t\t<\/div>\n\t\t\t\t<\/div>\n\t\t\t\t<\/div>\n\t\t<div class=\"elementor-element elementor-element-714e762 e-con-full e-flex e-con e-child\" data-id=\"714e762\" data-element_type=\"container\" data-e-type=\"container\">\n\t\t\t\t<div class=\"elementor-element elementor-element-3a534a7 elementor-align-center elementor-widget elementor-widget-elementskit-button\" data-id=\"3a534a7\" data-element_type=\"widget\" data-e-type=\"widget\" data-widget_type=\"elementskit-button.default\">\n\t\t\t\t<div class=\"elementor-widget-container\">\n\t\t\t\t\t<div class=\"ekit-wid-con\" >\t\t<div class=\"ekit-btn-wraper\">\n\t\t\t\t\t\t\t<a href=\"http:\/\/hosting1939560.online.pro\/autoinstalator\/wordpress1\/wp-content\/uploads\/2025\/01\/wykaz_podrecznikow_24-25.pdf\" class=\"elementskit-btn  whitespace--normal\" id=\"\">\n\t\t\t\t\tSzkolny wykaz podr\u0119cznik\u00f3w 2024\/2025\t\t\t\t<\/a>\n\t\t\t\t\t<\/div>\n        <\/div>\t\t\t\t<\/div>\n\t\t\t\t<\/div>\n\t\t\t\t<div class=\"elementor-element elementor-element-7c49827 elementor-align-center elementor-widget elementor-widget-elementskit-button\" data-id=\"7c49827\" data-element_type=\"widget\" data-e-type=\"widget\" data-widget_type=\"elementskit-button.default\">\n\t\t\t\t<div class=\"elementor-widget-container\">\n\t\t\t\t\t<div class=\"ekit-wid-con\" >\t\t<div class=\"ekit-btn-wraper\">\n\t\t\t\t\t\t\t<a href=\"http:\/\/hosting1939560.online.pro\/autoinstalator\/wordpress1\/wp-content\/uploads\/2025\/06\/wykaz-podrecznikow-25_26.pdf\" class=\"elementskit-btn  whitespace--normal\" id=\"\">\n\t\t\t\t\tSzkolny wykaz podr\u0119cznik\u00f3w 2025\/2026\t\t\t\t<\/a>\n\t\t\t\t\t<\/div>\n        <\/div>\t\t\t\t<\/div>\n\t\t\t\t<\/div>\n\t\t\t\t<div class=\"elementor-element elementor-element-062d253 elementor-align-center elementor-widget elementor-widget-elementskit-button\" data-id=\"062d253\" data-element_type=\"widget\" data-e-type=\"widget\" data-widget_type=\"elementskit-button.default\">\n\t\t\t\t<div class=\"elementor-widget-container\">\n\t\t\t\t\t<div class=\"ekit-wid-con\" >\t\t<div class=\"ekit-btn-wraper\">\n\t\t\t\t\t\t\t<a href=\"https:\/\/hosting1939560.online.pro\/autoinstalator\/wordpress1\/prezydium-rady-rodzicow\/\" class=\"elementskit-btn  whitespace--normal\" id=\"\">\n\t\t\t\t\tPrezydium Rady Rodzic\u00f3w\t\t\t\t<\/a>\n\t\t\t\t\t<\/div>\n        <\/div>\t\t\t\t<\/div>\n\t\t\t\t<\/div>\n\t\t\t\t<\/div>\n\t\t\t\t\t<\/div>\n\t\t\t\t<\/div>\n\t\t<div class=\"elementor-element elementor-element-ddf225f e-flex e-con-boxed e-con e-parent\" data-id=\"ddf225f\" data-element_type=\"container\" data-e-type=\"container\">\n\t\t\t\t\t<div class=\"e-con-inner\">\n\t\t\t\t<div class=\"elementor-element elementor-element-f5f90c5 elementor-widget elementor-widget-elementskit-blog-posts\" data-id=\"f5f90c5\" data-element_type=\"widget\" data-e-type=\"widget\" data-widget_type=\"elementskit-blog-posts.default\">\n\t\t\t\t<div class=\"elementor-widget-container\">\n\t\t\t\t\t<div class=\"ekit-wid-con\" >        <div id=\"post-items--f5f90c5\" class=\"row post-items\">\n                    <div class=\"col-md-12\">\n\n                                    <div class=\"elementskit-blog-block-post\">\n                        <div class=\"row no-gutters\">\n                                                            <div class=\"col-md-6 order-1\">\n                                    <a href=\"https:\/\/zsp5gliwice.pl\/autoinstalator\/wordpress1\/nadanie-imienia-naszej-szkole\/\" class=\"elementskit-entry-thumb\">\n                                        <img decoding=\"async\" src=\"https:\/\/zsp5gliwice.pl\/autoinstalator\/wordpress1\/wp-content\/uploads\/2026\/04\/IMG_8131-1024x1024.jpg\" alt=\"Nadanie imienia naszej szkole\">\n                                    <\/a><!-- .elementskit-entry-thumb END -->\n                                <\/div>\n                            \n                            <div class=\"col-md-6 order-2\">\n                                <div class=\"elementskit-post-body \">\n                                    <div class=\"elementskit-entry-header\">\n                                        \n                                                                                            \t\t\t\t\t                                            \n                                            \n                                                                                            \t\t\t\t<h2 class=\"entry-title\">\n\t\t\t\t\t<a href=\"https:\/\/zsp5gliwice.pl\/autoinstalator\/wordpress1\/nadanie-imienia-naszej-szkole\/\">\n\t\t\t\t\t\tNadanie imienia naszej szkole\t\t\t\t\t<\/a>\n\t\t\t\t<\/h2>\n\t\t\t                                                                                <\/div><!-- .elementskit-entry-header END -->\n\n                                                                            <div class=\"elementskit-post-footer\">\n                                                                                            <p>Uwaga! \u00a0 \u00a0 W dniu dzisiejszym odb\u0119dzie si\u0119 nadanie imienia naszej szkole. Patronem Szko\u0142y Podstawowej [&hellip;]<\/p>\n                                                                                                                                <\/div><!-- .elementskit-post-footer END -->\n                                                                    <\/div><!-- .elementskit-post-body END -->\n                            <\/div>\n                        <\/div>\n                    <\/div><!-- .elementskit-blog-block-post .radius .gradient-bg END -->\n                \n            <\/div>\n                    <div class=\"col-md-12\">\n\n                                    <div class=\"elementskit-blog-block-post\">\n                        <div class=\"row no-gutters\">\n                                                            <div class=\"col-md-6 order-1\">\n                                    <a href=\"https:\/\/zsp5gliwice.pl\/autoinstalator\/wordpress1\/swiatowy-dzien-recyklingu-dont-think-waste-think-opportunity\/\" class=\"elementskit-entry-thumb\">\n                                        <img decoding=\"async\" src=\"https:\/\/zsp5gliwice.pl\/autoinstalator\/wordpress1\/wp-content\/uploads\/2026\/03\/WhatsApp-Image-2026-03-20-at-21.11.53-1024x768.jpeg\" alt=\"\u015awiatowy Dzie\u0144 Recyklingu &#8211;\u00a0 \u201eDon\u2019t Think Waste \u2013 Think Opportunity\u201d\">\n                                    <\/a><!-- .elementskit-entry-thumb END -->\n                                <\/div>\n                            \n                            <div class=\"col-md-6 order-2\">\n                                <div class=\"elementskit-post-body \">\n                                    <div class=\"elementskit-entry-header\">\n                                        \n                                                                                            \t\t\t\t\t                                            \n                                            \n                                                                                            \t\t\t\t<h2 class=\"entry-title\">\n\t\t\t\t\t<a href=\"https:\/\/zsp5gliwice.pl\/autoinstalator\/wordpress1\/swiatowy-dzien-recyklingu-dont-think-waste-think-opportunity\/\">\n\t\t\t\t\t\t\u015awiatowy Dzie\u0144 Recyklingu &#8211;\u00a0 \u201eDon\u2019t Think Waste \u2013 Think Opportunity\u201d\t\t\t\t\t<\/a>\n\t\t\t\t<\/h2>\n\t\t\t                                                                                <\/div><!-- .elementskit-entry-header END -->\n\n                                                                            <div class=\"elementskit-post-footer\">\n                                                                                            <p>\u015awiatowy Dzie\u0144 Recyklingu &#8211;\u00a0 \u201eDon\u2019t Think Waste \u2013 Think Opportunity\u201d \u00a0 \u00a0 \u00a0 \u00a018 marca [&hellip;]<\/p>\n                                                                                                                                <\/div><!-- .elementskit-post-footer END -->\n                                                                    <\/div><!-- .elementskit-post-body END -->\n                            <\/div>\n                        <\/div>\n                    <\/div><!-- .elementskit-blog-block-post .radius .gradient-bg END -->\n                \n            <\/div>\n                    <div class=\"col-md-12\">\n\n                                    <div class=\"elementskit-blog-block-post\">\n                        <div class=\"row no-gutters\">\n                                                            <div class=\"col-md-6 order-1\">\n                                    <a href=\"https:\/\/zsp5gliwice.pl\/autoinstalator\/wordpress1\/iv-ogolnopolska-konferencja-jestem-rodzicem-wybieram-empatie\/\" class=\"elementskit-entry-thumb\">\n                                        <img decoding=\"async\" src=\"https:\/\/zsp5gliwice.pl\/autoinstalator\/wordpress1\/wp-content\/uploads\/2026\/03\/plakat_1-724x1024.jpg\" alt=\"IV Og\u00f3lnopolska Konferencja \u201eJestem Rodzicem \u2013 wybieram empati\u0119\u201d\">\n                                    <\/a><!-- .elementskit-entry-thumb END -->\n                                <\/div>\n                            \n                            <div class=\"col-md-6 order-2\">\n                                <div class=\"elementskit-post-body \">\n                                    <div class=\"elementskit-entry-header\">\n                                        \n                                                                                            \t\t\t\t\t                                            \n                                            \n                                                                                            \t\t\t\t<h2 class=\"entry-title\">\n\t\t\t\t\t<a href=\"https:\/\/zsp5gliwice.pl\/autoinstalator\/wordpress1\/iv-ogolnopolska-konferencja-jestem-rodzicem-wybieram-empatie\/\">\n\t\t\t\t\t\tIV Og\u00f3lnopolska Konferencja \u201eJestem Rodzicem \u2013 wybieram empati\u0119\u201d\t\t\t\t\t<\/a>\n\t\t\t\t<\/h2>\n\t\t\t                                                                                <\/div><!-- .elementskit-entry-header END -->\n\n                                                                            <div class=\"elementskit-post-footer\">\n                                                                                            <p>Temat: Jak wspiera\u0107 dziecko i nie straci\u0107 si\u0142? Zaproszenie na wyj\u0105tkowe wydarzenie dla rodzic\u00f3w Szanowni [&hellip;]<\/p>\n                                                                                                                                <\/div><!-- .elementskit-post-footer END -->\n                                                                    <\/div><!-- .elementskit-post-body END -->\n                            <\/div>\n                        <\/div>\n                    <\/div><!-- .elementskit-blog-block-post .radius .gradient-bg END -->\n                \n            <\/div>\n                <\/div>\n       <\/div>\t\t\t\t<\/div>\n\t\t\t\t<\/div>\n\t\t\t\t\t<\/div>\n\t\t\t\t<\/div>\n\t\t\t\t<\/div>\n\t\t","protected":false},"excerpt":{"rendered":"<p>Harmonogram zebra\u0144 i konsultacji Dni wolne od zaj\u0119\u0107 dudaktycznych Godziny dost\u0119pno\u015bci nauczycieli Grafik pracy specjalist\u00f3w [&hellip;]<\/p>\n","protected":false},"author":1,"featured_media":0,"parent":0,"menu_order":0,"comment_status":"closed","ping_status":"closed","template":"","meta":{"two_page_speed":[],"footnotes":""},"class_list":["post-606","page","type-page","status-publish","hentry"],"_links":{"self":[{"href":"https:\/\/zsp5gliwice.pl\/autoinstalator\/wordpress1\/wp-json\/wp\/v2\/pages\/606","targetHints":{"allow":["GET"]}}],"collection":[{"href":"https:\/\/zsp5gliwice.pl\/autoinstalator\/wordpress1\/wp-json\/wp\/v2\/pages"}],"about":[{"href":"https:\/\/zsp5gliwice.pl\/autoinstalator\/wordpress1\/wp-json\/wp\/v2\/types\/page"}],"author":[{"embeddable":true,"href":"https:\/\/zsp5gliwice.pl\/autoinstalator\/wordpress1\/wp-json\/wp\/v2\/users\/1"}],"replies":[{"embeddable":true,"href":"https:\/\/zsp5gliwice.pl\/autoinstalator\/wordpress1\/wp-json\/wp\/v2\/comments?post=606"}],"version-history":[{"count":0,"href":"https:\/\/zsp5gliwice.pl\/autoinstalator\/wordpress1\/wp-json\/wp\/v2\/pages\/606\/revisions"}],"wp:attachment":[{"href":"https:\/\/zsp5gliwice.pl\/autoinstalator\/wordpress1\/wp-json\/wp\/v2\/media?parent=606"}],"curies":[{"name":"wp","href":"https:\/\/api.w.org\/{rel}","templated":true}]}}