{"id":569,"date":"2024-12-18T19:32:26","date_gmt":"2024-12-18T18:32:26","guid":{"rendered":"https:\/\/hosting1939560.online.pro\/autoinstalator\/wordpress1\/?page_id=569"},"modified":"2025-01-10T10:36:41","modified_gmt":"2025-01-10T09:36:41","slug":"zapowiedzi-imprez","status":"publish","type":"page","link":"https:\/\/zsp5gliwice.pl\/autoinstalator\/wordpress1\/zapowiedzi-imprez\/","title":{"rendered":"Zapowiedzi imprez"},"content":{"rendered":"<p><span style=\"color: #000000;\">Dzie\u0144 Ch\u0142opca na sportowo<\/span><br \/>\n<span style=\"color: #000000;\">Turniej tenisa sto\u0142owego<\/span><br \/>\n<span style=\"color: #000000;\">Mistrzostwa Gliwic w pi\u0142ce no\u017cnej dziewcz\u0105t<\/span><br \/>\n<span style=\"color: #000000;\">Mistrzostwa Gliwic w pi\u0142ce no\u017cnej ch\u0142opc\u00f3w<\/span><br \/>\n<span style=\"color: #000000;\">Igrzyska Plac\u00f3wek Integracyjnych<\/span><br \/>\n<span style=\"color: #000000;\">Bieg na Wojskowy tor przeszk\u00f3d z okazji Dnia Niepodleg\u0142o\u015bci<\/span><br \/>\n<span style=\"color: #000000;\">Mi\u0119dzyszkolny \u015awi\u0105teczny Turniej Pi\u0142ki No\u017cnej Halowej<\/span><br \/>\n<span style=\"color: #000000;\">Mi\u0119dzyszkolny Noworoczny Turniej Pi\u0142ki No\u017cnej Halowej<\/span><br \/>\n<span style=\"color: #000000;\">Mistrzostwa Gliwic w Pi\u0142ce R\u0119cznej dziewcz\u0105t<\/span><br \/>\n<span style=\"color: #000000;\">Mistrzostwa Gliwic w Pi\u0142ce R\u0119cznej ch\u0142opc\u00f3w<\/span><br \/>\n<span style=\"color: #000000;\">Turniej \u201ePi\u0119ciu Dru\u017cyn\u201d z okazji Dnia Wagarowicza dla klas I &#8211; III<\/span><br \/>\n<span style=\"color: #000000;\">Dzie\u0144 Kobiet na sportowo<\/span><br \/>\n<span style=\"color: #000000;\">Wiosenny bieg z Marzann\u0105 <\/span><br \/>\n<span style=\"color: #000000;\">Olimpiada sportowa \u201eSportowe wyzwania\u201d <\/span><br \/>\n<span style=\"color: #000000;\">Dzie\u0144 Dziecka \u201e Mini Euro 2025\u201d<\/span><\/p>\n","protected":false},"excerpt":{"rendered":"<p>Dzie\u0144 Ch\u0142opca na sportowo Turniej tenisa sto\u0142owego Mistrzostwa Gliwic w pi\u0142ce no\u017cnej dziewcz\u0105t Mistrzostwa Gliwic [&hellip;]<\/p>\n","protected":false},"author":1,"featured_media":0,"parent":0,"menu_order":0,"comment_status":"closed","ping_status":"closed","template":"","meta":{"two_page_speed":[],"footnotes":""},"class_list":["post-569","page","type-page","status-publish","hentry"],"_links":{"self":[{"href":"https:\/\/zsp5gliwice.pl\/autoinstalator\/wordpress1\/wp-json\/wp\/v2\/pages\/569","targetHints":{"allow":["GET"]}}],"collection":[{"href":"https:\/\/zsp5gliwice.pl\/autoinstalator\/wordpress1\/wp-json\/wp\/v2\/pages"}],"about":[{"href":"https:\/\/zsp5gliwice.pl\/autoinstalator\/wordpress1\/wp-json\/wp\/v2\/types\/page"}],"author":[{"embeddable":true,"href":"https:\/\/zsp5gliwice.pl\/autoinstalator\/wordpress1\/wp-json\/wp\/v2\/users\/1"}],"replies":[{"embeddable":true,"href":"https:\/\/zsp5gliwice.pl\/autoinstalator\/wordpress1\/wp-json\/wp\/v2\/comments?post=569"}],"version-history":[{"count":0,"href":"https:\/\/zsp5gliwice.pl\/autoinstalator\/wordpress1\/wp-json\/wp\/v2\/pages\/569\/revisions"}],"wp:attachment":[{"href":"https:\/\/zsp5gliwice.pl\/autoinstalator\/wordpress1\/wp-json\/wp\/v2\/media?parent=569"}],"curies":[{"name":"wp","href":"https:\/\/api.w.org\/{rel}","templated":true}]}}