{"id":540,"date":"2024-12-18T19:12:25","date_gmt":"2024-12-18T18:12:25","guid":{"rendered":"https:\/\/hosting1939560.online.pro\/autoinstalator\/wordpress1\/?page_id=540"},"modified":"2025-01-21T19:40:38","modified_gmt":"2025-01-21T18:40:38","slug":"projekty","status":"publish","type":"page","link":"https:\/\/zsp5gliwice.pl\/autoinstalator\/wordpress1\/projekty\/","title":{"rendered":"Projekty"},"content":{"rendered":"\t\t<div data-elementor-type=\"wp-page\" data-elementor-id=\"540\" class=\"elementor elementor-540\">\n\t\t\t\t<div class=\"elementor-element elementor-element-65e25b7 e-flex e-con-boxed e-con e-parent\" data-id=\"65e25b7\" data-element_type=\"container\" data-e-type=\"container\">\n\t\t\t\t\t<div class=\"e-con-inner\">\n\t\t<div class=\"elementor-element elementor-element-0285230 e-con-full e-flex e-con e-child\" data-id=\"0285230\" data-element_type=\"container\" data-e-type=\"container\">\n\t\t\t\t<div class=\"elementor-element elementor-element-bbfef9f ekit-equal-height-disable elementor-widget elementor-widget-elementskit-image-box\" data-id=\"bbfef9f\" data-element_type=\"widget\" data-e-type=\"widget\" data-widget_type=\"elementskit-image-box.default\">\n\t\t\t\t<div class=\"elementor-widget-container\">\n\t\t\t\t\t<div class=\"ekit-wid-con\" >\n            <div class=\"elementskit-info-image-box ekit-image-box text-center simple-card\" >\n\n                \n                <div class=\"elementskit-box-header image-box-img-center\">\n\n                    <img fetchpriority=\"high\" decoding=\"async\" width=\"2560\" height=\"1811\" src=\"https:\/\/zsp5gliwice.pl\/autoinstalator\/wordpress1\/wp-content\/uploads\/2024\/12\/szkola_pamieta-scaled.jpg\" class=\"attachment-full size-full wp-image-550\" alt=\"Element dekoracyjny\" srcset=\"https:\/\/zsp5gliwice.pl\/autoinstalator\/wordpress1\/wp-content\/uploads\/2024\/12\/szkola_pamieta-scaled.jpg 2560w, https:\/\/zsp5gliwice.pl\/autoinstalator\/wordpress1\/wp-content\/uploads\/2024\/12\/szkola_pamieta-300x212.jpg 300w, https:\/\/zsp5gliwice.pl\/autoinstalator\/wordpress1\/wp-content\/uploads\/2024\/12\/szkola_pamieta-1024x724.jpg 1024w, https:\/\/zsp5gliwice.pl\/autoinstalator\/wordpress1\/wp-content\/uploads\/2024\/12\/szkola_pamieta-768x543.jpg 768w, https:\/\/zsp5gliwice.pl\/autoinstalator\/wordpress1\/wp-content\/uploads\/2024\/12\/szkola_pamieta-1536x1086.jpg 1536w, https:\/\/zsp5gliwice.pl\/autoinstalator\/wordpress1\/wp-content\/uploads\/2024\/12\/szkola_pamieta-2048x1448.jpg 2048w\" sizes=\"(max-width: 2560px) 100vw, 2560px\" \/>\n                <\/div>\n                \n                <div class=\"elementskit-box-body ekit-image-box-body\">\n                    <div class=\"elementskit-box-content ekit-image-box-body-inner\">\n                                                <h3 class=\"elementskit-info-box-title\">\n\n                        Akcja - \"Szko\u0142a Pami\u0119ta\"\n                        \n                    <\/h3>\n                                                        <\/div>\n\n                                <div class=\"elementskit-box-footer\">\n                    <div class=\"box-footer\">\n                        <div class=\"btn-wraper\">\n                                                            <a href=\"http:\/\/hosting1939560.online.pro\/autoinstalator\/wordpress1\/wp-content\/uploads\/2025\/01\/szkola_pamieta.pdf\" class=\"elementskit-btn whitespace--normal\">\n                                    \n                                    \n                                    Czytaj wi\u0119cej ...                                <\/a>\n                                                        <\/div>\n                    <\/div>\n                <\/div>\n                            <\/div>\n            <\/div>\n    <\/div>\t\t\t\t<\/div>\n\t\t\t\t<\/div>\n\t\t\t\t<\/div>\n\t\t<div class=\"elementor-element elementor-element-6806e41 e-con-full e-flex e-con e-child\" data-id=\"6806e41\" data-element_type=\"container\" data-e-type=\"container\">\n\t\t\t\t<div class=\"elementor-element elementor-element-4c1755e ekit-equal-height-disable elementor-widget elementor-widget-elementskit-image-box\" data-id=\"4c1755e\" data-element_type=\"widget\" data-e-type=\"widget\" data-widget_type=\"elementskit-image-box.default\">\n\t\t\t\t<div class=\"elementor-widget-container\">\n\t\t\t\t\t<div class=\"ekit-wid-con\" >\n            <div class=\"elementskit-info-image-box ekit-image-box text-center simple-card\" >\n\n                \n                <div class=\"elementskit-box-header image-box-img-center\">\n\n                    <img decoding=\"async\" width=\"300\" height=\"277\" src=\"https:\/\/zsp5gliwice.pl\/autoinstalator\/wordpress1\/wp-content\/uploads\/2025\/01\/zbieram_to_w_szkole-300x277.jpg\" class=\"attachment-medium size-medium wp-image-1199\" alt=\"Element dekoracyjny\" srcset=\"https:\/\/zsp5gliwice.pl\/autoinstalator\/wordpress1\/wp-content\/uploads\/2025\/01\/zbieram_to_w_szkole-300x277.jpg 300w, https:\/\/zsp5gliwice.pl\/autoinstalator\/wordpress1\/wp-content\/uploads\/2025\/01\/zbieram_to_w_szkole.jpg 710w\" sizes=\"(max-width: 300px) 100vw, 300px\" \/>\n                <\/div>\n                \n                <div class=\"elementskit-box-body ekit-image-box-body\">\n                    <div class=\"elementskit-box-content ekit-image-box-body-inner\">\n                                                <h3 class=\"elementskit-info-box-title\">\n\n                        \"Zbieram to w szkole\"\n                        \n                    <\/h3>\n                                                        <\/div>\n\n                                <div class=\"elementskit-box-footer\">\n                    <div class=\"box-footer\">\n                        <div class=\"btn-wraper\">\n                                                            <a href=\"https:\/\/hosting1939560.online.pro\/autoinstalator\/wordpress1\/zbieram-to-w-szkole\/\" class=\"elementskit-btn whitespace--normal\">\n                                    \n                                    \n                                    Czytaj wi\u0119cej ...                                <\/a>\n                                                        <\/div>\n                    <\/div>\n                <\/div>\n                            <\/div>\n            <\/div>\n    <\/div>\t\t\t\t<\/div>\n\t\t\t\t<\/div>\n\t\t\t\t<\/div>\n\t\t<div class=\"elementor-element elementor-element-e28ae51 e-con-full e-flex e-con e-child\" data-id=\"e28ae51\" data-element_type=\"container\" data-e-type=\"container\">\n\t\t\t\t<div class=\"elementor-element elementor-element-279ac4a ekit-equal-height-disable elementor-widget elementor-widget-elementskit-image-box\" data-id=\"279ac4a\" data-element_type=\"widget\" data-e-type=\"widget\" data-widget_type=\"elementskit-image-box.default\">\n\t\t\t\t<div class=\"elementor-widget-container\">\n\t\t\t\t\t<div class=\"ekit-wid-con\" >\n            <div class=\"elementskit-info-image-box ekit-image-box text-center simple-card\" >\n\n                \n                <div class=\"elementskit-box-header image-box-img-center\">\n\n                    <img decoding=\"async\" width=\"300\" height=\"227\" src=\"https:\/\/zsp5gliwice.pl\/autoinstalator\/wordpress1\/wp-content\/uploads\/2025\/01\/ESA-NASK-300x227.png\" class=\"attachment-medium size-medium wp-image-1211\" alt=\"Element dekoracyjny\" srcset=\"https:\/\/zsp5gliwice.pl\/autoinstalator\/wordpress1\/wp-content\/uploads\/2025\/01\/ESA-NASK-300x227.png 300w, https:\/\/zsp5gliwice.pl\/autoinstalator\/wordpress1\/wp-content\/uploads\/2025\/01\/ESA-NASK.png 687w\" sizes=\"(max-width: 300px) 100vw, 300px\" \/>\n                <\/div>\n                \n                <div class=\"elementskit-box-body ekit-image-box-body\">\n                    <div class=\"elementskit-box-content ekit-image-box-body-inner\">\n                                                <h3 class=\"elementskit-info-box-title\">\n\n                        ESA - NASK\n                        \n                    <\/h3>\n                                                        <\/div>\n\n                                <div class=\"elementskit-box-footer\">\n                    <div class=\"box-footer\">\n                        <div class=\"btn-wraper\">\n                                                            <a href=\"http:\/\/hosting1939560.online.pro\/autoinstalator\/wordpress1\/wp-content\/uploads\/2025\/01\/ESA_NASK_-_strona_internetowa-skompresowany.pdf\" class=\"elementskit-btn whitespace--normal\">\n                                    \n                                    \n                                    Czytaj wi\u0119cej ...                                <\/a>\n                                                        <\/div>\n                    <\/div>\n                <\/div>\n                            <\/div>\n            <\/div>\n    <\/div>\t\t\t\t<\/div>\n\t\t\t\t<\/div>\n\t\t\t\t<\/div>\n\t\t<div class=\"elementor-element elementor-element-aafabc4 e-con-full e-flex e-con e-child\" data-id=\"aafabc4\" data-element_type=\"container\" data-e-type=\"container\">\n\t\t\t\t<div class=\"elementor-element elementor-element-f6bfeeb ekit-equal-height-disable elementor-widget elementor-widget-elementskit-image-box\" data-id=\"f6bfeeb\" data-element_type=\"widget\" data-e-type=\"widget\" data-widget_type=\"elementskit-image-box.default\">\n\t\t\t\t<div class=\"elementor-widget-container\">\n\t\t\t\t\t<div class=\"ekit-wid-con\" >\n            <div class=\"elementskit-info-image-box ekit-image-box text-center simple-card\" >\n\n                \n                <div class=\"elementskit-box-header image-box-img-center\">\n\n                    <img loading=\"lazy\" decoding=\"async\" width=\"1024\" height=\"683\" src=\"https:\/\/zsp5gliwice.pl\/autoinstalator\/wordpress1\/wp-content\/uploads\/2025\/01\/poznaj_polske.jpg\" class=\"attachment-full size-full wp-image-1220\" alt=\"Element dekoracyjny\" srcset=\"https:\/\/zsp5gliwice.pl\/autoinstalator\/wordpress1\/wp-content\/uploads\/2025\/01\/poznaj_polske.jpg 1024w, https:\/\/zsp5gliwice.pl\/autoinstalator\/wordpress1\/wp-content\/uploads\/2025\/01\/poznaj_polske-300x200.jpg 300w, https:\/\/zsp5gliwice.pl\/autoinstalator\/wordpress1\/wp-content\/uploads\/2025\/01\/poznaj_polske-768x512.jpg 768w\" sizes=\"(max-width: 1024px) 100vw, 1024px\" \/>\n                <\/div>\n                \n                <div class=\"elementskit-box-body ekit-image-box-body\">\n                    <div class=\"elementskit-box-content ekit-image-box-body-inner\">\n                                                <h3 class=\"elementskit-info-box-title\">\n\n                        \"Poznaj Polsk\u0119\"\n                        \n                    <\/h3>\n                                                        <\/div>\n\n                                <div class=\"elementskit-box-footer\">\n                    <div class=\"box-footer\">\n                        <div class=\"btn-wraper\">\n                                                            <a href=\"http:\/\/hosting1939560.online.pro\/autoinstalator\/wordpress1\/wp-content\/uploads\/2025\/01\/poznaj_polske.pdf\" class=\"elementskit-btn whitespace--normal\">\n                                    \n                                    \n                                    Czytaj wi\u0119cej ...                                <\/a>\n                                                        <\/div>\n                    <\/div>\n                <\/div>\n                            <\/div>\n            <\/div>\n    <\/div>\t\t\t\t<\/div>\n\t\t\t\t<\/div>\n\t\t\t\t<\/div>\n\t\t<div class=\"elementor-element elementor-element-d480153 e-con-full e-flex e-con e-child\" data-id=\"d480153\" data-element_type=\"container\" data-e-type=\"container\">\n\t\t\t\t<div class=\"elementor-element elementor-element-fee9708 ekit-equal-height-disable elementor-widget elementor-widget-elementskit-image-box\" data-id=\"fee9708\" data-element_type=\"widget\" data-e-type=\"widget\" data-widget_type=\"elementskit-image-box.default\">\n\t\t\t\t<div class=\"elementor-widget-container\">\n\t\t\t\t\t<div class=\"ekit-wid-con\" >\n            <div class=\"elementskit-info-image-box ekit-image-box text-center simple-card\" >\n\n                \n                <div class=\"elementskit-box-header image-box-img-center\">\n\n                    <img loading=\"lazy\" decoding=\"async\" width=\"198\" height=\"199\" src=\"https:\/\/zsp5gliwice.pl\/autoinstalator\/wordpress1\/wp-content\/uploads\/2025\/01\/image001.jpg\" class=\"attachment-full size-full wp-image-1282\" alt=\"Pa\u0144stwowa Inspekcja Sanitarna\" srcset=\"https:\/\/zsp5gliwice.pl\/autoinstalator\/wordpress1\/wp-content\/uploads\/2025\/01\/image001.jpg 198w, https:\/\/zsp5gliwice.pl\/autoinstalator\/wordpress1\/wp-content\/uploads\/2025\/01\/image001-150x150.jpg 150w\" sizes=\"(max-width: 198px) 100vw, 198px\" \/>\n                <\/div>\n                \n                <div class=\"elementskit-box-body ekit-image-box-body\">\n                    <div class=\"elementskit-box-content ekit-image-box-body-inner\">\n                                                <h3 class=\"elementskit-info-box-title\">\n\n                        \"Ferie 2025\"\n                        \n                    <\/h3>\n                                                        <\/div>\n\n                                <div class=\"elementskit-box-footer\">\n                    <div class=\"box-footer\">\n                        <div class=\"btn-wraper\">\n                                                            <a href=\"http:\/\/hosting1939560.online.pro\/autoinstalator\/wordpress1\/wp-content\/uploads\/2025\/01\/pismo_przewodnie_PPIS_w_Gliwicach_placowki_edukacyne_.pdf\" class=\"elementskit-btn whitespace--normal\">\n                                    \n                                    \n                                    Czytaj wi\u0119cej ...                                <\/a>\n                                                        <\/div>\n                    <\/div>\n                <\/div>\n                            <\/div>\n            <\/div>\n    <\/div>\t\t\t\t<\/div>\n\t\t\t\t<\/div>\n\t\t\t\t<\/div>\n\t\t<div class=\"elementor-element elementor-element-1c0598c e-con-full e-flex e-con e-child\" data-id=\"1c0598c\" data-element_type=\"container\" data-e-type=\"container\">\n\t\t\t\t<\/div>\n\t\t\t\t\t<\/div>\n\t\t\t\t<\/div>\n\t\t\t\t<\/div>\n\t\t","protected":false},"excerpt":{"rendered":"<p>Akcja &#8211; &#8222;Szko\u0142a Pami\u0119ta&#8221; Czytaj wi\u0119cej &#8230; &#8222;Zbieram to w szkole&#8221; Czytaj wi\u0119cej &#8230; ESA [&hellip;]<\/p>\n","protected":false},"author":1,"featured_media":0,"parent":0,"menu_order":0,"comment_status":"closed","ping_status":"closed","template":"","meta":{"two_page_speed":[],"footnotes":""},"class_list":["post-540","page","type-page","status-publish","hentry"],"_links":{"self":[{"href":"https:\/\/zsp5gliwice.pl\/autoinstalator\/wordpress1\/wp-json\/wp\/v2\/pages\/540","targetHints":{"allow":["GET"]}}],"collection":[{"href":"https:\/\/zsp5gliwice.pl\/autoinstalator\/wordpress1\/wp-json\/wp\/v2\/pages"}],"about":[{"href":"https:\/\/zsp5gliwice.pl\/autoinstalator\/wordpress1\/wp-json\/wp\/v2\/types\/page"}],"author":[{"embeddable":true,"href":"https:\/\/zsp5gliwice.pl\/autoinstalator\/wordpress1\/wp-json\/wp\/v2\/users\/1"}],"replies":[{"embeddable":true,"href":"https:\/\/zsp5gliwice.pl\/autoinstalator\/wordpress1\/wp-json\/wp\/v2\/comments?post=540"}],"version-history":[{"count":0,"href":"https:\/\/zsp5gliwice.pl\/autoinstalator\/wordpress1\/wp-json\/wp\/v2\/pages\/540\/revisions"}],"wp:attachment":[{"href":"https:\/\/zsp5gliwice.pl\/autoinstalator\/wordpress1\/wp-json\/wp\/v2\/media?parent=540"}],"curies":[{"name":"wp","href":"https:\/\/api.w.org\/{rel}","templated":true}]}}