{"id":252,"date":"2024-12-17T14:40:25","date_gmt":"2024-12-17T13:40:25","guid":{"rendered":"http:\/\/hosting1939560.online.pro\/autoinstalator\/wordpress1\/?page_id=252"},"modified":"2026-02-22T13:45:05","modified_gmt":"2026-02-22T12:45:05","slug":"wnioski-na-dofinansowanie-w-ramach-zfss","status":"publish","type":"page","link":"https:\/\/zsp5gliwice.pl\/autoinstalator\/wordpress1\/wnioski-na-dofinansowanie-w-ramach-zfss\/","title":{"rendered":"Wnioski na dofinansowanie w ramach ZF\u015aS"},"content":{"rendered":"<p><span style=\"color: #000000;\"><strong>Informujemy, \u017ce od dnia 15 do 31 \u00a0maja ka\u017cdego roku \u00a0nale\u017cy z\u0142o\u017cy\u0107 wnioski na dofinansowanie w ramach ZF\u015aS<\/strong><\/span><\/p>\n<p><span style=\"color: #000000;\">W tym celu nale\u017cy:<\/span><\/p>\n<ol>\n<li><span style=\"color: #000000;\">Pobra\u0107 z sekretariatu lub wydrukowa\u0107 ze strony internetowej szko\u0142y:<\/span><\/li>\n<li><span style=\"color: #000000;\">Wniosek o \u015bwiadczenie socjalne<\/span><\/li>\n<li><span style=\"color: #000000;\">O\u015bwiadczenie o dochodach<\/span><\/li>\n<li><span style=\"color: #000000;\">Klauzul\u0119 informacyjn\u0105<\/span><\/li>\n<li><span style=\"color: #000000;\">Wype\u0142nione druki nale\u017cy z\u0142o\u017cy\u0107 do weryfikacji (potwierdzenie dochodu cz\u0142onk\u00f3w rodziny za rok poprzedni (PIT roczny oraz inne dochody np. 800 plus , alimenty), w przypadku sk\u0142adania o\u015bwiadczenia o dochodach na cz\u0142onka rodziny<\/span><\/li>\n<li><span style=\"color: #000000;\">Osoby, kt\u00f3re nie chc\u0105 podawa\u0107 wysoko\u015bci dochod\u00f3w swoich i wsp\u00f3\u0142mieszka\u0144c\u00f3w, nie musz\u0105 tego robi\u0107. W takim przypadku sk\u0142adaj\u0105 komplet dokument\u00f3w wraz z o\u015bwiadczeniem o dochodach z wyzerowan\u0105 kwot\u0105 dochodu. Automatycznie wtedy s\u0105 zakwalifikowane , bez weryfikacji, do najwy\u017cszej grupy dochodowej.<\/span><\/li>\n<li><span style=\"color: #000000;\">Wnioski do weryfikacji b\u0119d\u0105 przyjmowane od 15 do 31 maja\u00a0 w pokoju nr 28 oraz 31.<\/span><\/li>\n<\/ol>\n<p>&nbsp;<\/p>\n<p><span style=\"color: #000000;\"><a style=\"color: #000000;\" href=\"http:\/\/hosting1939560.online.pro\/autoinstalator\/wordpress1\/wp-content\/uploads\/2025\/01\/01obowiazek_informacyjny_aZFSS_2022_2_.pdf\">Obowi\u0105zek informacyjny &#8211; pdf<\/a><\/span><\/p>\n<p><span style=\"color: #000000;\"><a style=\"color: #000000;\" href=\"http:\/\/hosting1939560.online.pro\/autoinstalator\/wordpress1\/wp-content\/uploads\/2025\/01\/02ZALACZNIK_NR_3_DO_REGULAMINU_ZFSS_2_.pdf\">O\u015bwiadczenie o wysoko\u015bci dochod\u00f3w &#8211; pdf<\/a><\/span><\/p>\n<p><span style=\"color: #000000;\"><a style=\"color: #000000;\" href=\"http:\/\/hosting1939560.online.pro\/autoinstalator\/wordpress1\/wp-content\/uploads\/2025\/01\/03ZALACZNIK_NR_4_DO_REGULAIMNI_ZFsS_3_.pdf\">Wniosek o przyznanie \u015bwiadczenia socjalnego (za\u0142\u0105cznik nr 4) &#8211; pdf<\/a><\/span><\/p>\n<p><span style=\"color: #000000;\"><a style=\"color: #000000;\" href=\"http:\/\/hosting1939560.online.pro\/autoinstalator\/wordpress1\/wp-content\/uploads\/2025\/01\/04ZALACZNIK_NR_5_DO_REGULAMINU_ZFSS_4_.pdf\">Wniosek o przyznanie \u015bwiadczenia socjalnego (za\u0142\u0105cznik nr 5) &#8211; pdf<\/a><\/span><\/p>\n","protected":false},"excerpt":{"rendered":"<p>Informujemy, \u017ce od dnia 15 do 31 \u00a0maja ka\u017cdego roku \u00a0nale\u017cy z\u0142o\u017cy\u0107 wnioski na dofinansowanie [&hellip;]<\/p>\n","protected":false},"author":1,"featured_media":0,"parent":0,"menu_order":0,"comment_status":"closed","ping_status":"closed","template":"","meta":{"two_page_speed":[],"footnotes":""},"class_list":["post-252","page","type-page","status-publish","hentry"],"_links":{"self":[{"href":"https:\/\/zsp5gliwice.pl\/autoinstalator\/wordpress1\/wp-json\/wp\/v2\/pages\/252","targetHints":{"allow":["GET"]}}],"collection":[{"href":"https:\/\/zsp5gliwice.pl\/autoinstalator\/wordpress1\/wp-json\/wp\/v2\/pages"}],"about":[{"href":"https:\/\/zsp5gliwice.pl\/autoinstalator\/wordpress1\/wp-json\/wp\/v2\/types\/page"}],"author":[{"embeddable":true,"href":"https:\/\/zsp5gliwice.pl\/autoinstalator\/wordpress1\/wp-json\/wp\/v2\/users\/1"}],"replies":[{"embeddable":true,"href":"https:\/\/zsp5gliwice.pl\/autoinstalator\/wordpress1\/wp-json\/wp\/v2\/comments?post=252"}],"version-history":[{"count":0,"href":"https:\/\/zsp5gliwice.pl\/autoinstalator\/wordpress1\/wp-json\/wp\/v2\/pages\/252\/revisions"}],"wp:attachment":[{"href":"https:\/\/zsp5gliwice.pl\/autoinstalator\/wordpress1\/wp-json\/wp\/v2\/media?parent=252"}],"curies":[{"name":"wp","href":"https:\/\/api.w.org\/{rel}","templated":true}]}}