{"id":1204,"date":"2025-01-11T12:27:26","date_gmt":"2025-01-11T11:27:26","guid":{"rendered":"https:\/\/hosting1939560.online.pro\/autoinstalator\/wordpress1\/?page_id=1204"},"modified":"2026-03-16T14:08:53","modified_gmt":"2026-03-16T13:08:53","slug":"zbieram-to-w-szkole","status":"publish","type":"page","link":"https:\/\/zsp5gliwice.pl\/autoinstalator\/wordpress1\/zbieram-to-w-szkole\/","title":{"rendered":"&#8222;Zbieram to w szkole&#8221;"},"content":{"rendered":"<p><span style=\"color: #000000;\">Nasza szko\u0142a bierze udzia\u0142 w projekcie \u201eZbieram to w szkole\u201d.<\/span><\/p>\n<p><span style=\"color: #000000;\">Ide\u0119 &#8222;Zbieram to w szkole&#8221; najlepiej opisuje motto: zbieraj &#8211; pomagaj &#8211; odbieraj nagrody.<\/span><\/p>\n<p><span style=\"color: #000000;\">Dzi\u0119ki zbi\u00f3rkom dokonuje si\u0119 dwojaka pomoc:<\/span><\/p>\n<p><span style=\"color: #000000;\">Dzieci i m\u0142odzie\u017c s\u0105 edukowani ekologicznie: pomagaj\u0105 \u015brodowisku naturalnemu i wspieraj\u0105 recykling, aby jak najmniej odpad\u00f3w trafia\u0142o na wysypiska \u015bmieci.<\/span><br \/>\n<span style=\"color: #000000;\">Darowizny od firm recyklingowych przekazywane s\u0105 jako pomoc rozwojow\u0105 do najbiedniejszych kraj\u00f3w w Afryce, Azji i Ameryce \u0141aci\u0144skiej. Dzi\u0119ki &#8222;dobroczynnemu recyklingowi&#8221; wybudowano ju\u017c dom dla ofiar tajfunu na Filipinach i trzy studnie w Czadzie. Ci\u0105gle wspierana jest budowa studni g\u0142\u0119binowych w Czadzie oraz w Tanzanii, wspierane s\u0105 Domy Dziecka w Boliwii oraz Serca\u0144ski dom dla dziewcz\u0105t KDF na Filipinach. <\/span><br \/>\n<span style=\"color: #000000;\">Zach\u0119camy, aby uczniowie i rodzice w\u0142\u0105czyli si\u0119 w ca\u0142y system r\u00f3\u017cnego rodzaju zbi\u00f3rek surowc\u00f3w wt\u00f3rnych i nieprzydatnych rzeczy, kt\u00f3re nazywamy &#8222;pomoc\u0105 bez pieni\u0119dzy&#8221;.<\/span><br \/>\n<span style=\"color: #000000;\">W I p\u00f3\u0142roczu roku szkolnego 2022\/2023 zbieramy baterie oraz klocki LEGO.<\/span><\/p>\n","protected":false},"excerpt":{"rendered":"<p>Nasza szko\u0142a bierze udzia\u0142 w projekcie \u201eZbieram to w szkole\u201d. Ide\u0119 &#8222;Zbieram to w szkole&#8221; [&hellip;]<\/p>\n","protected":false},"author":1,"featured_media":1199,"parent":0,"menu_order":0,"comment_status":"closed","ping_status":"closed","template":"","meta":{"two_page_speed":{"previous_score":{"desktop_score":96,"desktop_tti":"0.9\u00a0","mobile_score":81,"mobile_tti":"4.1\u00a0","date":"16.03.2026 02:08:35 pm","status":"completed"},"current_score":{"desktop_score":96,"desktop_tti":"0.6\u00a0","mobile_score":91,"mobile_tti":"3.0\u00a0","date":"16.03.2026 02:09:21 pm","status":"completed"}},"footnotes":""},"class_list":["post-1204","page","type-page","status-publish","has-post-thumbnail","hentry"],"_links":{"self":[{"href":"https:\/\/zsp5gliwice.pl\/autoinstalator\/wordpress1\/wp-json\/wp\/v2\/pages\/1204","targetHints":{"allow":["GET"]}}],"collection":[{"href":"https:\/\/zsp5gliwice.pl\/autoinstalator\/wordpress1\/wp-json\/wp\/v2\/pages"}],"about":[{"href":"https:\/\/zsp5gliwice.pl\/autoinstalator\/wordpress1\/wp-json\/wp\/v2\/types\/page"}],"author":[{"embeddable":true,"href":"https:\/\/zsp5gliwice.pl\/autoinstalator\/wordpress1\/wp-json\/wp\/v2\/users\/1"}],"replies":[{"embeddable":true,"href":"https:\/\/zsp5gliwice.pl\/autoinstalator\/wordpress1\/wp-json\/wp\/v2\/comments?post=1204"}],"version-history":[{"count":0,"href":"https:\/\/zsp5gliwice.pl\/autoinstalator\/wordpress1\/wp-json\/wp\/v2\/pages\/1204\/revisions"}],"wp:featuredmedia":[{"embeddable":true,"href":"https:\/\/zsp5gliwice.pl\/autoinstalator\/wordpress1\/wp-json\/wp\/v2\/media\/1199"}],"wp:attachment":[{"href":"https:\/\/zsp5gliwice.pl\/autoinstalator\/wordpress1\/wp-json\/wp\/v2\/media?parent=1204"}],"curies":[{"name":"wp","href":"https:\/\/api.w.org\/{rel}","templated":true}]}}