{"id":102,"date":"2024-12-06T18:39:36","date_gmt":"2024-12-06T17:39:36","guid":{"rendered":"http:\/\/hosting1939560.online.pro\/autoinstalator\/wordpress1\/?page_id=102"},"modified":"2025-09-05T14:14:35","modified_gmt":"2025-09-05T12:14:35","slug":"dla-uczniow","status":"publish","type":"page","link":"https:\/\/zsp5gliwice.pl\/autoinstalator\/wordpress1\/dla-uczniow\/","title":{"rendered":"Dla uczni\u00f3w"},"content":{"rendered":"\t\t<div data-elementor-type=\"wp-page\" data-elementor-id=\"102\" class=\"elementor elementor-102\">\n\t\t\t\t<div class=\"elementor-element elementor-element-454636c e-flex e-con-boxed e-con e-parent\" data-id=\"454636c\" data-element_type=\"container\" data-e-type=\"container\">\n\t\t\t\t\t<div class=\"e-con-inner\">\n\t\t<div class=\"elementor-element elementor-element-d22c521 e-con-full e-flex e-con e-child\" data-id=\"d22c521\" data-element_type=\"container\" data-e-type=\"container\">\n\t\t\t\t<div class=\"elementor-element elementor-element-888a9d9 elementor-align-center elementor-widget elementor-widget-elementskit-button\" data-id=\"888a9d9\" data-element_type=\"widget\" data-e-type=\"widget\" data-widget_type=\"elementskit-button.default\">\n\t\t\t\t<div class=\"elementor-widget-container\">\n\t\t\t\t\t<div class=\"ekit-wid-con\" >\t\t<div class=\"ekit-btn-wraper\">\n\t\t\t\t\t\t\t<a href=\"http:\/\/hosting1939560.online.pro\/autoinstalator\/wordpress1\/wp-content\/uploads\/2025\/01\/Plan_dzwonkow.pdf\" class=\"elementskit-btn  whitespace--normal\" id=\"\">\n\t\t\t\t\tPlan dzwonk\u00f3w w ZSP nr 5\t\t\t\t<\/a>\n\t\t\t\t\t<\/div>\n        <\/div>\t\t\t\t<\/div>\n\t\t\t\t<\/div>\n\t\t\t\t<\/div>\n\t\t<div class=\"elementor-element elementor-element-48b929b e-con-full e-flex e-con e-child\" data-id=\"48b929b\" data-element_type=\"container\" data-e-type=\"container\">\n\t\t\t\t<div class=\"elementor-element elementor-element-c94226c elementor-align-center elementor-widget elementor-widget-elementskit-button\" data-id=\"c94226c\" data-element_type=\"widget\" data-e-type=\"widget\" data-widget_type=\"elementskit-button.default\">\n\t\t\t\t<div class=\"elementor-widget-container\">\n\t\t\t\t\t<div class=\"ekit-wid-con\" >\t\t<div class=\"ekit-btn-wraper\">\n\t\t\t\t\t\t\t<a href=\"https:\/\/hosting1939560.online.pro\/autoinstalator\/wordpress1\/samorzad-szkolny\/\" class=\"elementskit-btn  whitespace--normal\" id=\"\">\n\t\t\t\t\tSamorz\u0105d uczniowski\t\t\t\t<\/a>\n\t\t\t\t\t<\/div>\n        <\/div>\t\t\t\t<\/div>\n\t\t\t\t<\/div>\n\t\t\t\t<\/div>\n\t\t<div class=\"elementor-element elementor-element-b3830e5 e-con-full e-flex e-con e-child\" data-id=\"b3830e5\" data-element_type=\"container\" data-e-type=\"container\">\n\t\t\t\t<div class=\"elementor-element elementor-element-846f598 elementor-align-center elementor-widget elementor-widget-elementskit-button\" data-id=\"846f598\" data-element_type=\"widget\" data-e-type=\"widget\" data-widget_type=\"elementskit-button.default\">\n\t\t\t\t<div class=\"elementor-widget-container\">\n\t\t\t\t\t<div class=\"ekit-wid-con\" >\t\t<div class=\"ekit-btn-wraper\">\n\t\t\t\t\t\t\t<a href=\"https:\/\/zsp5gliwice.pl\/autoinstalator\/wordpress1\/wymagania-przedmiotowe\/\" class=\"elementskit-btn  whitespace--normal\" id=\"\">\n\t\t\t\t\tWymagania przedmiotowe\t\t\t\t<\/a>\n\t\t\t\t\t<\/div>\n        <\/div>\t\t\t\t<\/div>\n\t\t\t\t<\/div>\n\t\t\t\t<\/div>\n\t\t<div class=\"elementor-element elementor-element-9de012c e-con-full e-flex e-con e-child\" data-id=\"9de012c\" data-element_type=\"container\" data-e-type=\"container\">\n\t\t\t\t<div class=\"elementor-element elementor-element-3f628b3 elementor-align-center elementor-widget elementor-widget-elementskit-button\" data-id=\"3f628b3\" data-element_type=\"widget\" data-e-type=\"widget\" data-widget_type=\"elementskit-button.default\">\n\t\t\t\t<div class=\"elementor-widget-container\">\n\t\t\t\t\t<div class=\"ekit-wid-con\" >\t\t<div class=\"ekit-btn-wraper\">\n\t\t\t\t\t\t\t<a href=\"https:\/\/hosting1939560.online.pro\/autoinstalator\/wordpress1\/wolontariat\/\" class=\"elementskit-btn  whitespace--normal\" id=\"\">\n\t\t\t\t\tWolontariat\t\t\t\t<\/a>\n\t\t\t\t\t<\/div>\n        <\/div>\t\t\t\t<\/div>\n\t\t\t\t<\/div>\n\t\t\t\t<\/div>\n\t\t<div class=\"elementor-element elementor-element-f1ad9bb e-con-full e-flex e-con e-child\" data-id=\"f1ad9bb\" data-element_type=\"container\" data-e-type=\"container\">\n\t\t\t\t<div class=\"elementor-element elementor-element-8d1d0dc elementor-align-center elementor-widget elementor-widget-elementskit-button\" data-id=\"8d1d0dc\" data-element_type=\"widget\" data-e-type=\"widget\" data-widget_type=\"elementskit-button.default\">\n\t\t\t\t<div class=\"elementor-widget-container\">\n\t\t\t\t\t<div class=\"ekit-wid-con\" >\t\t<div class=\"ekit-btn-wraper\">\n\t\t\t\t\t\t\t<a href=\"https:\/\/hosting1939560.online.pro\/autoinstalator\/wordpress1\/konkursy\/\" class=\"elementskit-btn  whitespace--normal\" id=\"\">\n\t\t\t\t\tKonkursy\t\t\t\t<\/a>\n\t\t\t\t\t<\/div>\n        <\/div>\t\t\t\t<\/div>\n\t\t\t\t<\/div>\n\t\t\t\t<div class=\"elementor-element elementor-element-cfec7c5 elementor-align-center elementor-widget elementor-widget-elementskit-button\" data-id=\"cfec7c5\" data-element_type=\"widget\" data-e-type=\"widget\" data-widget_type=\"elementskit-button.default\">\n\t\t\t\t<div class=\"elementor-widget-container\">\n\t\t\t\t\t<div class=\"ekit-wid-con\" >\t\t<div class=\"ekit-btn-wraper\">\n\t\t\t\t\t\t\t<a href=\"https:\/\/zsp5gliwice.pl\/autoinstalator\/wordpress1\/wojewodzki-konkurs-przedmiotowy\/\" class=\"elementskit-btn  whitespace--normal\" id=\"\">\n\t\t\t\t\tWojew\u00f3dzki konkurs Przedmiotowy\t\t\t\t<\/a>\n\t\t\t\t\t<\/div>\n        <\/div>\t\t\t\t<\/div>\n\t\t\t\t<\/div>\n\t\t\t\t<\/div>\n\t\t<div class=\"elementor-element elementor-element-23d30e9 e-con-full e-flex e-con e-child\" data-id=\"23d30e9\" data-element_type=\"container\" data-e-type=\"container\">\n\t\t\t\t<div class=\"elementor-element elementor-element-67de46f elementor-align-center elementor-widget elementor-widget-elementskit-button\" data-id=\"67de46f\" data-element_type=\"widget\" data-e-type=\"widget\" data-widget_type=\"elementskit-button.default\">\n\t\t\t\t<div class=\"elementor-widget-container\">\n\t\t\t\t\t<div class=\"ekit-wid-con\" >\t\t<div class=\"ekit-btn-wraper\">\n\t\t\t\t\t\t\t<a href=\"https:\/\/cke.gov.pl\/egzamin-osmoklasisty\/\" class=\"elementskit-btn  whitespace--normal\" id=\"\">\n\t\t\t\t\tEgzamin \u00f3smoklasisty\t\t\t\t<\/a>\n\t\t\t\t\t<\/div>\n        <\/div>\t\t\t\t<\/div>\n\t\t\t\t<\/div>\n\t\t\t\t<\/div>\n\t\t\t\t\t<\/div>\n\t\t\t\t<\/div>\n\t\t\t\t<\/div>\n\t\t","protected":false},"excerpt":{"rendered":"<p>Plan dzwonk\u00f3w w ZSP nr 5 Samorz\u0105d uczniowski Wymagania przedmiotowe Wolontariat Konkursy Wojew\u00f3dzki konkurs Przedmiotowy [&hellip;]<\/p>\n","protected":false},"author":1,"featured_media":0,"parent":0,"menu_order":0,"comment_status":"closed","ping_status":"closed","template":"","meta":{"two_page_speed":[],"footnotes":""},"class_list":["post-102","page","type-page","status-publish","hentry"],"_links":{"self":[{"href":"https:\/\/zsp5gliwice.pl\/autoinstalator\/wordpress1\/wp-json\/wp\/v2\/pages\/102","targetHints":{"allow":["GET"]}}],"collection":[{"href":"https:\/\/zsp5gliwice.pl\/autoinstalator\/wordpress1\/wp-json\/wp\/v2\/pages"}],"about":[{"href":"https:\/\/zsp5gliwice.pl\/autoinstalator\/wordpress1\/wp-json\/wp\/v2\/types\/page"}],"author":[{"embeddable":true,"href":"https:\/\/zsp5gliwice.pl\/autoinstalator\/wordpress1\/wp-json\/wp\/v2\/users\/1"}],"replies":[{"embeddable":true,"href":"https:\/\/zsp5gliwice.pl\/autoinstalator\/wordpress1\/wp-json\/wp\/v2\/comments?post=102"}],"version-history":[{"count":0,"href":"https:\/\/zsp5gliwice.pl\/autoinstalator\/wordpress1\/wp-json\/wp\/v2\/pages\/102\/revisions"}],"wp:attachment":[{"href":"https:\/\/zsp5gliwice.pl\/autoinstalator\/wordpress1\/wp-json\/wp\/v2\/media?parent=102"}],"curies":[{"name":"wp","href":"https:\/\/api.w.org\/{rel}","templated":true}]}}