{"id":262,"date":"2024-12-17T14:44:44","date_gmt":"2024-12-17T13:44:44","guid":{"rendered":"http:\/\/hosting1939560.online.pro\/autoinstalator\/wordpress1\/?page_id=262"},"modified":"2026-02-22T13:46:29","modified_gmt":"2026-02-22T12:46:29","slug":"procedura-ubiegania-sie-o-swiadczenia-w-ramach-pomocy-zdrowotnej","status":"publish","type":"page","link":"http:\/\/zsp5gliwice.pl\/autoinstalator\/wordpress1\/procedura-ubiegania-sie-o-swiadczenia-w-ramach-pomocy-zdrowotnej\/","title":{"rendered":"Procedura ubiegania si\u0119 o \u015bwiadczenia w ramach pomocy zdrowotnej"},"content":{"rendered":"<p><span style=\"color: #000000;\"><a style=\"color: #000000;\" href=\"http:\/\/hosting1939560.online.pro\/autoinstalator\/wordpress1\/wp-content\/uploads\/2025\/01\/Procedura-skompresowany.pdf\">Procedura ubiegania si\u0119 o \u015bwiadczenia w ramach pomocy zdrowotnej dla nauczycieli, emeryt\u00f3w i rencist\u00f3w &#8211; pdf<\/a><\/span><\/p>\n<p><span style=\"color: #000000;\"><a style=\"color: #000000;\" href=\"http:\/\/hosting1939560.online.pro\/autoinstalator\/wordpress1\/wp-content\/uploads\/2025\/01\/zal_1.pdf\">Za\u0142\u0105cznik nr 1<\/a><\/span><\/p>\n<p><span style=\"color: #000000;\"><a style=\"color: #000000;\" href=\"http:\/\/hosting1939560.online.pro\/autoinstalator\/wordpress1\/wp-content\/uploads\/2025\/01\/zal_2.pdf\">Za\u0142\u0105cznik nr 2<\/a><\/span><\/p>\n<p><span style=\"color: #000000;\"><a style=\"color: #000000;\" href=\"http:\/\/hosting1939560.online.pro\/autoinstalator\/wordpress1\/wp-content\/uploads\/2025\/01\/zal_3.pdf\">Za\u0142\u0105cznik nr 3<\/a><\/span><\/p>\n<p><span style=\"color: #000000;\"><a style=\"color: #000000;\" href=\"http:\/\/hosting1939560.online.pro\/autoinstalator\/wordpress1\/wp-content\/uploads\/2025\/01\/zal_4.pdf\">Za\u0142\u0105cznik nr 4<\/a><\/span><\/p>\n<p><span style=\"color: #000000;\"><a style=\"color: #000000;\" href=\"http:\/\/hosting1939560.online.pro\/autoinstalator\/wordpress1\/wp-content\/uploads\/2025\/01\/zal_5.pdf\">Za\u0142\u0105cznik nr 5<\/a><\/span><\/p>\n<p><span style=\"color: #000000;\"><a style=\"color: #000000;\" href=\"http:\/\/hosting1939560.online.pro\/autoinstalator\/wordpress1\/wp-content\/uploads\/2025\/01\/zal_6.pdf\">Za\u0142\u0105cznik nr 6<\/a><\/span><\/p>\n","protected":false},"excerpt":{"rendered":"<p>Procedura ubiegania si\u0119 o \u015bwiadczenia w ramach pomocy zdrowotnej dla nauczycieli, emeryt\u00f3w i rencist\u00f3w &#8211; [&hellip;]<\/p>\n","protected":false},"author":1,"featured_media":0,"parent":0,"menu_order":0,"comment_status":"closed","ping_status":"closed","template":"","meta":{"two_page_speed":[],"footnotes":""},"class_list":["post-262","page","type-page","status-publish","hentry"],"_links":{"self":[{"href":"http:\/\/zsp5gliwice.pl\/autoinstalator\/wordpress1\/wp-json\/wp\/v2\/pages\/262","targetHints":{"allow":["GET"]}}],"collection":[{"href":"http:\/\/zsp5gliwice.pl\/autoinstalator\/wordpress1\/wp-json\/wp\/v2\/pages"}],"about":[{"href":"http:\/\/zsp5gliwice.pl\/autoinstalator\/wordpress1\/wp-json\/wp\/v2\/types\/page"}],"author":[{"embeddable":true,"href":"http:\/\/zsp5gliwice.pl\/autoinstalator\/wordpress1\/wp-json\/wp\/v2\/users\/1"}],"replies":[{"embeddable":true,"href":"http:\/\/zsp5gliwice.pl\/autoinstalator\/wordpress1\/wp-json\/wp\/v2\/comments?post=262"}],"version-history":[{"count":0,"href":"http:\/\/zsp5gliwice.pl\/autoinstalator\/wordpress1\/wp-json\/wp\/v2\/pages\/262\/revisions"}],"wp:attachment":[{"href":"http:\/\/zsp5gliwice.pl\/autoinstalator\/wordpress1\/wp-json\/wp\/v2\/media?parent=262"}],"curies":[{"name":"wp","href":"https:\/\/api.w.org\/{rel}","templated":true}]}}