{"id":231,"date":"2024-12-17T14:20:41","date_gmt":"2024-12-17T13:20:41","guid":{"rendered":"http:\/\/hosting1939560.online.pro\/autoinstalator\/wordpress1\/?page_id=231"},"modified":"2025-09-08T18:52:40","modified_gmt":"2025-09-08T16:52:40","slug":"dla-pracownikow","status":"publish","type":"page","link":"http:\/\/zsp5gliwice.pl\/autoinstalator\/wordpress1\/dla-pracownikow\/","title":{"rendered":"Dla pracownik\u00f3w"},"content":{"rendered":"\t\t<div data-elementor-type=\"wp-page\" data-elementor-id=\"231\" class=\"elementor elementor-231\">\n\t\t\t\t<div class=\"elementor-element elementor-element-7aa88708 e-flex e-con-boxed e-con e-parent\" data-id=\"7aa88708\" data-element_type=\"container\" data-e-type=\"container\">\n\t\t\t\t\t<div class=\"e-con-inner\">\n\t\t\t\t<div class=\"elementor-element elementor-element-1e4b389d elementor-widget elementor-widget-text-editor\" data-id=\"1e4b389d\" data-element_type=\"widget\" data-e-type=\"widget\" data-widget_type=\"text-editor.default\">\n\t\t\t\t<div class=\"elementor-widget-container\">\n\t\t\t\t\t\t\t\t\t&nbsp;\r\n\r\n&nbsp;\r\n\r\n&nbsp;\t\t\t\t\t\t\t\t<\/div>\n\t\t\t\t<\/div>\n\t\t\t\t\t<\/div>\n\t\t\t\t<\/div>\n\t\t<div class=\"elementor-element elementor-element-19acd7b e-flex e-con-boxed e-con e-parent\" data-id=\"19acd7b\" data-element_type=\"container\" data-e-type=\"container\">\n\t\t\t\t\t<div class=\"e-con-inner\">\n\t\t<div class=\"elementor-element elementor-element-d7d0996 e-con-full e-flex e-con e-child\" data-id=\"d7d0996\" data-element_type=\"container\" data-e-type=\"container\">\n\t\t\t\t<div class=\"elementor-element elementor-element-81367d8 elementor-align-center elementor-widget elementor-widget-elementskit-button\" data-id=\"81367d8\" data-element_type=\"widget\" data-e-type=\"widget\" data-widget_type=\"elementskit-button.default\">\n\t\t\t\t<div class=\"elementor-widget-container\">\n\t\t\t\t\t<div class=\"ekit-wid-con\" >\t\t<div class=\"ekit-btn-wraper\">\n\t\t\t\t\t\t\t<a href=\"http:\/\/hosting1939560.online.pro\/autoinstalator\/wordpress1\/regulamin-zfss\/\" class=\"elementskit-btn  whitespace--normal\" id=\"\">\n\t\t\t\t\tRegulamin Zak\u0142adowego Funduszu \u015awiadcze\u0144 Socjalnych\t\t\t\t<\/a>\n\t\t\t\t\t<\/div>\n        <\/div>\t\t\t\t<\/div>\n\t\t\t\t<\/div>\n\t\t\t\t<\/div>\n\t\t<div class=\"elementor-element elementor-element-9ca7a0a e-con-full e-flex e-con e-child\" data-id=\"9ca7a0a\" data-element_type=\"container\" data-e-type=\"container\">\n\t\t\t\t<div class=\"elementor-element elementor-element-5be1d66 elementor-align-center elementor-widget elementor-widget-elementskit-button\" data-id=\"5be1d66\" data-element_type=\"widget\" data-e-type=\"widget\" data-widget_type=\"elementskit-button.default\">\n\t\t\t\t<div class=\"elementor-widget-container\">\n\t\t\t\t\t<div class=\"ekit-wid-con\" >\t\t<div class=\"ekit-btn-wraper\">\n\t\t\t\t\t\t\t<a href=\"http:\/\/hosting1939560.online.pro\/autoinstalator\/wordpress1\/wnioski-na-dofinansowanie-w-ramach-zfss\/\" class=\"elementskit-btn  whitespace--normal\" id=\"\">\n\t\t\t\t\tWnioski na dofinansowanie w ramach ZF\u015aS\t\t\t\t<\/a>\n\t\t\t\t\t<\/div>\n        <\/div>\t\t\t\t<\/div>\n\t\t\t\t<\/div>\n\t\t\t\t<\/div>\n\t\t<div class=\"elementor-element elementor-element-881d498 e-con-full e-flex e-con e-child\" data-id=\"881d498\" data-element_type=\"container\" data-e-type=\"container\">\n\t\t\t\t<div class=\"elementor-element elementor-element-87e8846 elementor-align-center elementor-widget elementor-widget-elementskit-button\" data-id=\"87e8846\" data-element_type=\"widget\" data-e-type=\"widget\" data-widget_type=\"elementskit-button.default\">\n\t\t\t\t<div class=\"elementor-widget-container\">\n\t\t\t\t\t<div class=\"ekit-wid-con\" >\t\t<div class=\"ekit-btn-wraper\">\n\t\t\t\t\t\t\t<a href=\"https:\/\/edukacja.gliwice.eu\/inne\/pomoc_zdrowotna\" class=\"elementskit-btn  whitespace--normal\" id=\"\">\n\t\t\t\t\tPomoc zdrowotna dla nauczycieli zatrudnionych w szko\u0142ach i plac\u00f3wkach\t\t\t\t<\/a>\n\t\t\t\t\t<\/div>\n        <\/div>\t\t\t\t<\/div>\n\t\t\t\t<\/div>\n\t\t\t\t<\/div>\n\t\t<div class=\"elementor-element elementor-element-f5c301c e-con-full e-flex e-con e-child\" data-id=\"f5c301c\" data-element_type=\"container\" data-e-type=\"container\">\n\t\t\t\t<div class=\"elementor-element elementor-element-57ca370 elementor-align-center elementor-widget elementor-widget-elementskit-button\" data-id=\"57ca370\" data-element_type=\"widget\" data-e-type=\"widget\" data-widget_type=\"elementskit-button.default\">\n\t\t\t\t<div class=\"elementor-widget-container\">\n\t\t\t\t\t<div class=\"ekit-wid-con\" >\t\t<div class=\"ekit-btn-wraper\">\n\t\t\t\t\t\t\t<a href=\"http:\/\/hosting1939560.online.pro\/autoinstalator\/wordpress1\/wp-content\/uploads\/2025\/01\/WNIOSEK_o_pomoc_zdrowotna_2024_0.pdf\" class=\"elementskit-btn  whitespace--normal\" id=\"\">\n\t\t\t\t\tWniosek o przyznanie pomocy zdrowotnej dla nauczycieli\t\t\t\t<\/a>\n\t\t\t\t\t<\/div>\n        <\/div>\t\t\t\t<\/div>\n\t\t\t\t<\/div>\n\t\t\t\t<\/div>\n\t\t<div class=\"elementor-element elementor-element-438bc47 e-con-full e-flex e-con e-child\" data-id=\"438bc47\" data-element_type=\"container\" data-e-type=\"container\">\n\t\t\t\t<div class=\"elementor-element elementor-element-f602865 elementor-align-center elementor-widget elementor-widget-elementskit-button\" data-id=\"f602865\" data-element_type=\"widget\" data-e-type=\"widget\" data-widget_type=\"elementskit-button.default\">\n\t\t\t\t<div class=\"elementor-widget-container\">\n\t\t\t\t\t<div class=\"ekit-wid-con\" >\t\t<div class=\"ekit-btn-wraper\">\n\t\t\t\t\t\t\t<a href=\"http:\/\/hosting1939560.online.pro\/autoinstalator\/wordpress1\/wp-content\/uploads\/2025\/01\/01obowiazek_informacyjny_aZFSS_2022_2_.pdf\" class=\"elementskit-btn  whitespace--normal\" id=\"\">\n\t\t\t\t\tKlauzula informacyjna ZF\u015a\u015a\t\t\t\t<\/a>\n\t\t\t\t\t<\/div>\n        <\/div>\t\t\t\t<\/div>\n\t\t\t\t<\/div>\n\t\t\t\t<\/div>\n\t\t<div class=\"elementor-element elementor-element-d04a94c e-con-full e-flex e-con e-child\" data-id=\"d04a94c\" data-element_type=\"container\" data-e-type=\"container\">\n\t\t\t\t<div class=\"elementor-element elementor-element-1710250 elementor-align-center elementor-widget elementor-widget-elementskit-button\" data-id=\"1710250\" data-element_type=\"widget\" data-e-type=\"widget\" data-widget_type=\"elementskit-button.default\">\n\t\t\t\t<div class=\"elementor-widget-container\">\n\t\t\t\t\t<div class=\"ekit-wid-con\" >\t\t<div class=\"ekit-btn-wraper\">\n\t\t\t\t\t\t\t<a href=\"http:\/\/hosting1939560.online.pro\/autoinstalator\/wordpress1\/wp-content\/uploads\/2025\/01\/wniosek_o_swiadczenie_zdrowotne.pdf\" class=\"elementskit-btn  whitespace--normal\" id=\"\">\n\t\t\t\t\tWniosek o \u015bwiadczenie z funduszu zdrowotnego nauczycieli\t\t\t\t<\/a>\n\t\t\t\t\t<\/div>\n        <\/div>\t\t\t\t<\/div>\n\t\t\t\t<\/div>\n\t\t\t\t<div class=\"elementor-element elementor-element-83cb424 elementor-align-center elementor-widget elementor-widget-elementskit-button\" data-id=\"83cb424\" data-element_type=\"widget\" data-e-type=\"widget\" data-widget_type=\"elementskit-button.default\">\n\t\t\t\t<div class=\"elementor-widget-container\">\n\t\t\t\t\t<div class=\"ekit-wid-con\" >\t\t<div class=\"ekit-btn-wraper\">\n\t\t\t\t\t\t\t<a href=\"http:\/\/hosting1939560.online.pro\/autoinstalator\/wordpress1\/procedura-ubiegania-sie-o-swiadczenia-w-ramach-pomocy-zdrowotnej\/\" class=\"elementskit-btn  whitespace--normal\" id=\"\">\n\t\t\t\t\tProcedura ubiegania si\u0119 o \u015bwiadczenia w ramach pomocy zdrowotnej dla nauczycieli, emeryt\u00f3w i rencist\u00f3w\t\t\t\t<\/a>\n\t\t\t\t\t<\/div>\n        <\/div>\t\t\t\t<\/div>\n\t\t\t\t<\/div>\n\t\t\t\t<\/div>\n\t\t\t\t\t<\/div>\n\t\t\t\t<\/div>\n\t\t\t\t<\/div>\n\t\t","protected":false},"excerpt":{"rendered":"<p>&nbsp; &nbsp; &nbsp; Regulamin Zak\u0142adowego Funduszu \u015awiadcze\u0144 Socjalnych Wnioski na dofinansowanie w ramach ZF\u015aS Pomoc [&hellip;]<\/p>\n","protected":false},"author":1,"featured_media":0,"parent":0,"menu_order":0,"comment_status":"closed","ping_status":"closed","template":"","meta":{"two_page_speed":[],"footnotes":""},"class_list":["post-231","page","type-page","status-publish","hentry"],"_links":{"self":[{"href":"http:\/\/zsp5gliwice.pl\/autoinstalator\/wordpress1\/wp-json\/wp\/v2\/pages\/231","targetHints":{"allow":["GET"]}}],"collection":[{"href":"http:\/\/zsp5gliwice.pl\/autoinstalator\/wordpress1\/wp-json\/wp\/v2\/pages"}],"about":[{"href":"http:\/\/zsp5gliwice.pl\/autoinstalator\/wordpress1\/wp-json\/wp\/v2\/types\/page"}],"author":[{"embeddable":true,"href":"http:\/\/zsp5gliwice.pl\/autoinstalator\/wordpress1\/wp-json\/wp\/v2\/users\/1"}],"replies":[{"embeddable":true,"href":"http:\/\/zsp5gliwice.pl\/autoinstalator\/wordpress1\/wp-json\/wp\/v2\/comments?post=231"}],"version-history":[{"count":0,"href":"http:\/\/zsp5gliwice.pl\/autoinstalator\/wordpress1\/wp-json\/wp\/v2\/pages\/231\/revisions"}],"wp:attachment":[{"href":"http:\/\/zsp5gliwice.pl\/autoinstalator\/wordpress1\/wp-json\/wp\/v2\/media?parent=231"}],"curies":[{"name":"wp","href":"https:\/\/api.w.org\/{rel}","templated":true}]}}